{"id":502,"date":"2020-11-16T17:10:25","date_gmt":"2020-11-16T17:10:25","guid":{"rendered":"https:\/\/aufaxe.de\/?page_id=502"},"modified":"2024-12-28T11:43:42","modified_gmt":"2024-12-28T11:43:42","slug":"clever-limited-600","status":"publish","type":"page","link":"https:\/\/aufaxe.de\/?page_id=502","title":{"rendered":"Clever Limited 600"},"content":{"rendered":"\n<p>Im Grunde ein weiterer Celebration, nur das Clever hier auf Metallic Lack, Alufelgen und elektrische Zuziehhilfe verzichtet hat, daf\u00fcr aber ein FIAT Basisfahrzeug (die anderen Celebration basieren auf Citroen) nutzt&#8230;<br><br>Auch hier zus\u00e4tzlich an Bord:  <\/p>\n\n\n\n<p><\/p>\n\n\n\n<ul class=\"wp-block-list\">\n<li>Solaranlage, <\/li>\n\n\n\n<li>Markise, <\/li>\n\n\n\n<li>Anh\u00e4ngerkupplung (zur Nutzung mit einem Fahrradtr\u00e4ger, da passt der von Ihrem PKW wenn vorhanden) , <\/li>\n\n\n\n<li>R\u00fcckfahrkamera, <\/li>\n\n\n\n<li>Naviceiver (Android basiert) , <\/li>\n\n\n\n<li>Schwellerohre (verhindern gr\u00f6ssere Sch\u00e4den wenn man doch mal einen Stein \u00fcbersieht) und <\/li>\n\n\n\n<li>Batteriecomputer (die &#8218;Tankanzeige&#8216; f\u00fcr die beiden Aufbauakkus\u2026, womit man auch sehr sch\u00f6n die Solaranlage beim Strom erzeugen &#8218;beobachten&#8217;kann, was ja sonst eher im Verborgenen passiert)<\/li>\n<\/ul>\n\n\n\n<figure class=\"wp-block-gallery has-nested-images columns-1 is-cropped wp-block-gallery-1 is-layout-flex wp-block-gallery-is-layout-flex\">\n<figure class=\"wp-block-image size-large\"><img loading=\"lazy\" decoding=\"async\" width=\"1024\" height=\"680\" data-id=\"506\" src=\"https:\/\/aufaxe.de\/wp-content\/uploads\/2020\/11\/02_HR-1024x680.jpg\" alt=\"\" class=\"wp-image-506\" srcset=\"https:\/\/aufaxe.de\/wp-content\/uploads\/2020\/11\/02_HR-1024x680.jpg 1024w, https:\/\/aufaxe.de\/wp-content\/uploads\/2020\/11\/02_HR-300x199.jpg 300w, https:\/\/aufaxe.de\/wp-content\/uploads\/2020\/11\/02_HR-768x510.jpg 768w, https:\/\/aufaxe.de\/wp-content\/uploads\/2020\/11\/02_HR.jpg 1200w\" sizes=\"auto, (max-width: 1024px) 100vw, 1024px\" \/><\/figure>\n\n\n\n<figure class=\"wp-block-image size-large is-style-default\"><img loading=\"lazy\" decoding=\"async\" width=\"1024\" height=\"666\" data-id=\"1254\" src=\"https:\/\/aufaxe.de\/wp-content\/uploads\/2024\/12\/Hinten-BikeTraegerMarkise-1024x666.jpg\" alt=\"\" class=\"wp-image-1254\" srcset=\"https:\/\/aufaxe.de\/wp-content\/uploads\/2024\/12\/Hinten-BikeTraegerMarkise-1024x666.jpg 1024w, https:\/\/aufaxe.de\/wp-content\/uploads\/2024\/12\/Hinten-BikeTraegerMarkise-300x195.jpg 300w, https:\/\/aufaxe.de\/wp-content\/uploads\/2024\/12\/Hinten-BikeTraegerMarkise-768x500.jpg 768w, https:\/\/aufaxe.de\/wp-content\/uploads\/2024\/12\/Hinten-BikeTraegerMarkise.jpg 1342w\" sizes=\"auto, (max-width: 1024px) 100vw, 1024px\" \/><figcaption class=\"wp-element-caption\">jetzt auch mit Fahrradtr\u00e4ger <\/figcaption><\/figure>\n\n\n\n<figure class=\"wp-block-image size-large\"><img loading=\"lazy\" decoding=\"async\" width=\"1024\" height=\"723\" data-id=\"1263\" src=\"https:\/\/aufaxe.de\/wp-content\/uploads\/2024\/12\/01-VR-1024x723.jpg\" alt=\"\" class=\"wp-image-1263\" srcset=\"https:\/\/aufaxe.de\/wp-content\/uploads\/2024\/12\/01-VR-1024x723.jpg 1024w, https:\/\/aufaxe.de\/wp-content\/uploads\/2024\/12\/01-VR-300x212.jpg 300w, https:\/\/aufaxe.de\/wp-content\/uploads\/2024\/12\/01-VR-768x542.jpg 768w, https:\/\/aufaxe.de\/wp-content\/uploads\/2024\/12\/01-VR.jpg 1200w\" sizes=\"auto, (max-width: 1024px) 100vw, 1024px\" \/><\/figure>\n\n\n\n<figure class=\"wp-block-image size-large\"><img loading=\"lazy\" decoding=\"async\" width=\"1024\" height=\"777\" data-id=\"507\" src=\"https:\/\/aufaxe.de\/wp-content\/uploads\/2020\/11\/03_VL-1024x777.jpg\" alt=\"\" class=\"wp-image-507\" srcset=\"https:\/\/aufaxe.de\/wp-content\/uploads\/2020\/11\/03_VL-1024x777.jpg 1024w, https:\/\/aufaxe.de\/wp-content\/uploads\/2020\/11\/03_VL-300x228.jpg 300w, https:\/\/aufaxe.de\/wp-content\/uploads\/2020\/11\/03_VL-768x583.jpg 768w, https:\/\/aufaxe.de\/wp-content\/uploads\/2020\/11\/03_VL.jpg 1200w\" sizes=\"auto, (max-width: 1024px) 100vw, 1024px\" \/><\/figure>\n\n\n\n<figure class=\"wp-block-image size-large\"><img loading=\"lazy\" decoding=\"async\" width=\"1024\" height=\"636\" data-id=\"512\" src=\"https:\/\/aufaxe.de\/wp-content\/uploads\/2020\/11\/08_RFK-1024x636.jpg\" alt=\"\" class=\"wp-image-512\" srcset=\"https:\/\/aufaxe.de\/wp-content\/uploads\/2020\/11\/08_RFK-1024x636.jpg 1024w, https:\/\/aufaxe.de\/wp-content\/uploads\/2020\/11\/08_RFK-300x186.jpg 300w, https:\/\/aufaxe.de\/wp-content\/uploads\/2020\/11\/08_RFK-768x477.jpg 768w, https:\/\/aufaxe.de\/wp-content\/uploads\/2020\/11\/08_RFK.jpg 1200w\" sizes=\"auto, (max-width: 1024px) 100vw, 1024px\" \/><\/figure>\n\n\n\n<figure class=\"wp-block-image size-large\"><img loading=\"lazy\" decoding=\"async\" width=\"472\" height=\"1024\" data-id=\"508\" src=\"https:\/\/aufaxe.de\/wp-content\/uploads\/2020\/11\/04_HR-472x1024.jpg\" alt=\"\" class=\"wp-image-508\" srcset=\"https:\/\/aufaxe.de\/wp-content\/uploads\/2020\/11\/04_HR-472x1024.jpg 472w, https:\/\/aufaxe.de\/wp-content\/uploads\/2020\/11\/04_HR-138x300.jpg 138w, https:\/\/aufaxe.de\/wp-content\/uploads\/2020\/11\/04_HR-768x1668.jpg 768w, https:\/\/aufaxe.de\/wp-content\/uploads\/2020\/11\/04_HR-707x1536.jpg 707w, https:\/\/aufaxe.de\/wp-content\/uploads\/2020\/11\/04_HR-943x2048.jpg 943w, https:\/\/aufaxe.de\/wp-content\/uploads\/2020\/11\/04_HR-scaled.jpg 1179w\" sizes=\"auto, (max-width: 472px) 100vw, 472px\" \/><\/figure>\n\n\n\n<figure class=\"wp-block-image size-large\"><img loading=\"lazy\" decoding=\"async\" width=\"1024\" height=\"768\" data-id=\"518\" src=\"https:\/\/aufaxe.de\/wp-content\/uploads\/2020\/11\/055_kueche-1024x768.jpg\" alt=\"\" class=\"wp-image-518\" srcset=\"https:\/\/aufaxe.de\/wp-content\/uploads\/2020\/11\/055_kueche-1024x768.jpg 1024w, https:\/\/aufaxe.de\/wp-content\/uploads\/2020\/11\/055_kueche-300x225.jpg 300w, https:\/\/aufaxe.de\/wp-content\/uploads\/2020\/11\/055_kueche-768x576.jpg 768w, https:\/\/aufaxe.de\/wp-content\/uploads\/2020\/11\/055_kueche.jpg 1200w\" sizes=\"auto, (max-width: 1024px) 100vw, 1024px\" \/><\/figure>\n\n\n\n<figure class=\"wp-block-image size-large\"><img loading=\"lazy\" decoding=\"async\" width=\"1024\" height=\"637\" data-id=\"513\" src=\"https:\/\/aufaxe.de\/wp-content\/uploads\/2020\/11\/09_Detail-1024x637.jpg\" alt=\"\" class=\"wp-image-513\" srcset=\"https:\/\/aufaxe.de\/wp-content\/uploads\/2020\/11\/09_Detail-1024x637.jpg 1024w, https:\/\/aufaxe.de\/wp-content\/uploads\/2020\/11\/09_Detail-300x187.jpg 300w, https:\/\/aufaxe.de\/wp-content\/uploads\/2020\/11\/09_Detail-768x478.jpg 768w, https:\/\/aufaxe.de\/wp-content\/uploads\/2020\/11\/09_Detail.jpg 1200w\" sizes=\"auto, (max-width: 1024px) 100vw, 1024px\" \/><\/figure>\n\n\n\n<figure class=\"wp-block-image size-large\"><img loading=\"lazy\" decoding=\"async\" width=\"896\" height=\"1024\" data-id=\"517\" src=\"https:\/\/aufaxe.de\/wp-content\/uploads\/2020\/11\/13_InnenBett-896x1024.jpg\" alt=\"\" class=\"wp-image-517\" srcset=\"https:\/\/aufaxe.de\/wp-content\/uploads\/2020\/11\/13_InnenBett-896x1024.jpg 896w, https:\/\/aufaxe.de\/wp-content\/uploads\/2020\/11\/13_InnenBett-263x300.jpg 263w, https:\/\/aufaxe.de\/wp-content\/uploads\/2020\/11\/13_InnenBett-768x877.jpg 768w, https:\/\/aufaxe.de\/wp-content\/uploads\/2020\/11\/13_InnenBett.jpg 1200w\" sizes=\"auto, (max-width: 896px) 100vw, 896px\" \/><\/figure>\n\n\n\n<figure class=\"wp-block-image size-large\"><img loading=\"lazy\" decoding=\"async\" width=\"633\" height=\"1024\" data-id=\"516\" src=\"https:\/\/aufaxe.de\/wp-content\/uploads\/2020\/11\/12_Bad-633x1024.jpg\" alt=\"\" class=\"wp-image-516\" srcset=\"https:\/\/aufaxe.de\/wp-content\/uploads\/2020\/11\/12_Bad-633x1024.jpg 633w, https:\/\/aufaxe.de\/wp-content\/uploads\/2020\/11\/12_Bad-186x300.jpg 186w, https:\/\/aufaxe.de\/wp-content\/uploads\/2020\/11\/12_Bad.jpg 742w\" sizes=\"auto, (max-width: 633px) 100vw, 633px\" \/><\/figure>\n\n\n\n<figure class=\"wp-block-image size-large\"><img loading=\"lazy\" decoding=\"async\" width=\"1024\" height=\"669\" data-id=\"515\" src=\"https:\/\/aufaxe.de\/wp-content\/uploads\/2020\/11\/11_VornInnen-1024x669.jpg\" alt=\"\" class=\"wp-image-515\" srcset=\"https:\/\/aufaxe.de\/wp-content\/uploads\/2020\/11\/11_VornInnen-1024x669.jpg 1024w, https:\/\/aufaxe.de\/wp-content\/uploads\/2020\/11\/11_VornInnen-300x196.jpg 300w, https:\/\/aufaxe.de\/wp-content\/uploads\/2020\/11\/11_VornInnen-768x502.jpg 768w, https:\/\/aufaxe.de\/wp-content\/uploads\/2020\/11\/11_VornInnen.jpg 1200w\" sizes=\"auto, (max-width: 1024px) 100vw, 1024px\" \/><\/figure>\n\n\n\n<figure class=\"wp-block-image size-large\"><img loading=\"lazy\" decoding=\"async\" width=\"625\" height=\"1024\" data-id=\"514\" src=\"https:\/\/aufaxe.de\/wp-content\/uploads\/2020\/11\/10_Bad-625x1024.jpg\" alt=\"\" class=\"wp-image-514\" srcset=\"https:\/\/aufaxe.de\/wp-content\/uploads\/2020\/11\/10_Bad-625x1024.jpg 625w, https:\/\/aufaxe.de\/wp-content\/uploads\/2020\/11\/10_Bad-183x300.jpg 183w, https:\/\/aufaxe.de\/wp-content\/uploads\/2020\/11\/10_Bad.jpg 683w\" sizes=\"auto, (max-width: 625px) 100vw, 625px\" \/><\/figure>\n\n\n\n<figure class=\"wp-block-image size-large\"><img loading=\"lazy\" decoding=\"async\" width=\"1024\" height=\"652\" data-id=\"509\" src=\"https:\/\/aufaxe.de\/wp-content\/uploads\/2020\/11\/05_kueche-1024x652.jpg\" alt=\"\" class=\"wp-image-509\" srcset=\"https:\/\/aufaxe.de\/wp-content\/uploads\/2020\/11\/05_kueche-1024x652.jpg 1024w, https:\/\/aufaxe.de\/wp-content\/uploads\/2020\/11\/05_kueche-300x191.jpg 300w, https:\/\/aufaxe.de\/wp-content\/uploads\/2020\/11\/05_kueche-768x489.jpg 768w, https:\/\/aufaxe.de\/wp-content\/uploads\/2020\/11\/05_kueche.jpg 1200w\" sizes=\"auto, (max-width: 1024px) 100vw, 1024px\" \/><\/figure>\n\n\n\n<figure class=\"wp-block-image size-large\"><img loading=\"lazy\" decoding=\"async\" width=\"1024\" height=\"431\" data-id=\"510\" src=\"https:\/\/aufaxe.de\/wp-content\/uploads\/2020\/11\/06_Panel-1024x431.jpg\" alt=\"\" class=\"wp-image-510\" srcset=\"https:\/\/aufaxe.de\/wp-content\/uploads\/2020\/11\/06_Panel-1024x431.jpg 1024w, https:\/\/aufaxe.de\/wp-content\/uploads\/2020\/11\/06_Panel-300x126.jpg 300w, https:\/\/aufaxe.de\/wp-content\/uploads\/2020\/11\/06_Panel-768x323.jpg 768w, https:\/\/aufaxe.de\/wp-content\/uploads\/2020\/11\/06_Panel.jpg 1200w\" sizes=\"auto, (max-width: 1024px) 100vw, 1024px\" \/><\/figure>\n\n\n\n<figure class=\"wp-block-image size-large\"><img loading=\"lazy\" decoding=\"async\" width=\"1024\" height=\"620\" data-id=\"511\" src=\"https:\/\/aufaxe.de\/wp-content\/uploads\/2020\/11\/07_Solar-1024x620.jpg\" alt=\"\" class=\"wp-image-511\" srcset=\"https:\/\/aufaxe.de\/wp-content\/uploads\/2020\/11\/07_Solar-1024x620.jpg 1024w, https:\/\/aufaxe.de\/wp-content\/uploads\/2020\/11\/07_Solar-300x182.jpg 300w, https:\/\/aufaxe.de\/wp-content\/uploads\/2020\/11\/07_Solar-768x465.jpg 768w, https:\/\/aufaxe.de\/wp-content\/uploads\/2020\/11\/07_Solar.jpg 1200w\" sizes=\"auto, (max-width: 1024px) 100vw, 1024px\" \/><\/figure>\n<\/figure>\n","protected":false},"excerpt":{"rendered":"<p>Im Grunde ein weiterer Celebration, nur das Clever hier auf Metallic Lack, Alufelgen und elektrische Zuziehhilfe verzichtet hat, daf\u00fcr aber ein FIAT Basisfahrzeug (die anderen Celebration basieren auf Citroen) nutzt&#8230; Auch hier zus\u00e4tzlich an Bord:<\/p>\n","protected":false},"author":1,"featured_media":0,"parent":0,"menu_order":0,"comment_status":"closed","ping_status":"closed","template":"","meta":{"footnotes":""},"class_list":["post-502","page","type-page","status-publish","hentry"],"_links":{"self":[{"href":"https:\/\/aufaxe.de\/index.php?rest_route=\/wp\/v2\/pages\/502","targetHints":{"allow":["GET"]}}],"collection":[{"href":"https:\/\/aufaxe.de\/index.php?rest_route=\/wp\/v2\/pages"}],"about":[{"href":"https:\/\/aufaxe.de\/index.php?rest_route=\/wp\/v2\/types\/page"}],"author":[{"embeddable":true,"href":"https:\/\/aufaxe.de\/index.php?rest_route=\/wp\/v2\/users\/1"}],"replies":[{"embeddable":true,"href":"https:\/\/aufaxe.de\/index.php?rest_route=%2Fwp%2Fv2%2Fcomments&post=502"}],"version-history":[{"count":6,"href":"https:\/\/aufaxe.de\/index.php?rest_route=\/wp\/v2\/pages\/502\/revisions"}],"predecessor-version":[{"id":1265,"href":"https:\/\/aufaxe.de\/index.php?rest_route=\/wp\/v2\/pages\/502\/revisions\/1265"}],"wp:attachment":[{"href":"https:\/\/aufaxe.de\/index.php?rest_route=%2Fwp%2Fv2%2Fmedia&parent=502"}],"curies":[{"name":"wp","href":"https:\/\/api.w.org\/{rel}","templated":true}]}}