{"id":48,"date":"2019-11-18T23:21:25","date_gmt":"2019-11-18T22:21:25","guid":{"rendered":"http:\/\/tono.goip.de\/WordPress\/?page_id=48"},"modified":"2026-04-28T20:54:20","modified_gmt":"2026-04-28T20:54:20","slug":"aufaxe-de-homepage","status":"publish","type":"page","link":"https:\/\/aufaxe.de\/","title":{"rendered":"aufAxe.de Wohnmobilvermietung"},"content":{"rendered":"\n<figure class=\"wp-block-image size-full is-resized\"><img loading=\"lazy\" decoding=\"async\" width=\"615\" height=\"544\" src=\"https:\/\/aufaxe.de\/wp-content\/uploads\/2023\/11\/BerlinWeissBG.jpg\" alt=\"\" class=\"wp-image-1094\" style=\"width:237px;height:auto\" srcset=\"https:\/\/aufaxe.de\/wp-content\/uploads\/2023\/11\/BerlinWeissBG.jpg 615w, https:\/\/aufaxe.de\/wp-content\/uploads\/2023\/11\/BerlinWeissBG-300x265.jpg 300w\" sizes=\"auto, (max-width: 615px) 100vw, 615px\" \/><\/figure>\n\n\n\n<p>Update: 05\/2026<\/p>\n\n\n\n<hr class=\"wp-block-separator has-alpha-channel-opacity is-style-wide\"\/>\n\n\n\n<p><br>Diverse Buchungen f\u00fcr 2026 gibt es bereits und erfahrungsgem\u00e4\u00df sind beliebte Termine recht fr\u00fch vergeben.<br>In den Sommerferien wird es jetzt schon knapp, momentan gibt es aber noch zu Beginn der Ferien (2 oder 3 Wochen ) wie auch am Ende (ebenfalls 2 oder 3 Wochen ) noch freie Termine.<br><br>Mitte Juni sieht auch schon eng aus und in den restlichen Zeitr\u00e4umen gibt es zwar noch L\u00fccken, aber u.U. nicht f\u00fcr das gew\u00fcnschte Fahrzeug.<br><br>Wider Erwarten wird der <a href=\"https:\/\/aufaxe.de\/?page_id=384\" data-type=\"page\" data-id=\"384\">Move Kids<\/a> dieses Jahr nun doch noch zu mieten sein, Anfragen gern per e-mail .<br>Soll heissen, bei Interesse nicht lang warten , sondern Buchungsanfrage starten \ud83d\ude09 <br><br>In dem Sinne hoffe ich, bald von Euch \/ von Ihnen zu h\u00f6ren<\/p>\n\n\n\n<p><\/p>\n\n\n\n<p><\/p>\n\n\n\n<p>############################################################<\/p>\n\n\n\n<p><strong>Neuwertige Wohnmobile und Kastenwagen zu g\u00fcnstigen Preisen in Berlin mieten..<\/strong><\/p>\n\n\n\n<p>Als aktive Wohnmobilurlauber&nbsp; haben wir den  Komfort und die Unabh\u00e4ngigkeit eines Wohnmobil-Urlaubs  sch\u00e4tzen gelernt. &nbsp; <br>Seit 2004 bieten wir nun schon  die  M\u00f6glichkeit  neuwertige Wohnmobile zu fairen Preisen  in Berlin zu  mieten.<\/p>\n\n\n\n<p>Knappe Kalkulation , ohne an der Sicherheit zu sparen &#8211; m\u00f6glich wird das  durch Kostenersparnis an der Betriebst\u00e4tte  , volle Leistungen gibt es  bei den&nbsp;Fahrzeugen, beim&nbsp; Service und nat\u00fcrlich auch&nbsp; bei den Versicherungen .<\/p>\n\n\n\n<p>Alle Fahrzeuge sind mit Solaranlage, Markise    &amp; Fahrradtr\u00e4ger (nicht beim Knaus) (2 Fahrr\u00e4der- mehr auf Anfrage) ausger\u00fcstet, die Kastenwagen verf\u00fcgen \u00fcber eine AHK. <br><br> Alle unsere Wohnmobile sind als Selbstfahrvermietfahrzeuge zugelassen (ganz wichtig wenn wirklich mal etwas passiert bei einem Mietfahrzeug!) und Sie erhalten nat\u00fcrlich eine ordentliche Rechnung mit ausgewiesener Mehrwertsteuer \u00fcber den Mietpreis.<br><\/p>\n\n\n\n<figure class=\"wp-block-image size-full\"><a href=\"https:\/\/aufaxe.de\/wp-content\/uploads\/2023\/03\/data1.html\" target=\"_blank\" rel=\"noreferrer noopener\"><img loading=\"lazy\" decoding=\"async\" width=\"100\" height=\"59\" src=\"https:\/\/aufaxe.de\/wp-content\/uploads\/2023\/03\/GCS100px.bmp\" alt=\"\" class=\"wp-image-855\"\/><\/a><\/figure>\n","protected":false},"excerpt":{"rendered":"<p>Update: 05\/2026 Diverse Buchungen f\u00fcr 2026 gibt es bereits und erfahrungsgem\u00e4\u00df sind beliebte Termine recht fr\u00fch vergeben.In den Sommerferien wird es jetzt schon knapp, momentan gibt es aber noch zu Beginn der Ferien (2 oder 3 Wochen ) wie auch am Ende (ebenfalls 2 oder 3 Wochen ) noch freie Termine. Mitte Juni sieht auch <a class=\"more-link\" href=\"https:\/\/aufaxe.de\/\">weiterlesen&#8230;<\/a><\/p>\n","protected":false},"author":1,"featured_media":0,"parent":0,"menu_order":0,"comment_status":"closed","ping_status":"closed","template":"","meta":{"footnotes":""},"class_list":["post-48","page","type-page","status-publish","hentry"],"_links":{"self":[{"href":"https:\/\/aufaxe.de\/index.php?rest_route=\/wp\/v2\/pages\/48","targetHints":{"allow":["GET"]}}],"collection":[{"href":"https:\/\/aufaxe.de\/index.php?rest_route=\/wp\/v2\/pages"}],"about":[{"href":"https:\/\/aufaxe.de\/index.php?rest_route=\/wp\/v2\/types\/page"}],"author":[{"embeddable":true,"href":"https:\/\/aufaxe.de\/index.php?rest_route=\/wp\/v2\/users\/1"}],"replies":[{"embeddable":true,"href":"https:\/\/aufaxe.de\/index.php?rest_route=%2Fwp%2Fv2%2Fcomments&post=48"}],"version-history":[{"count":84,"href":"https:\/\/aufaxe.de\/index.php?rest_route=\/wp\/v2\/pages\/48\/revisions"}],"predecessor-version":[{"id":1538,"href":"https:\/\/aufaxe.de\/index.php?rest_route=\/wp\/v2\/pages\/48\/revisions\/1538"}],"wp:attachment":[{"href":"https:\/\/aufaxe.de\/index.php?rest_route=%2Fwp%2Fv2%2Fmedia&parent=48"}],"curies":[{"name":"wp","href":"https:\/\/api.w.org\/{rel}","templated":true}]}}