{"id":384,"date":"2019-12-23T15:51:24","date_gmt":"2019-12-23T15:51:24","guid":{"rendered":"https:\/\/aufaxe.de\/?page_id=384"},"modified":"2024-06-14T16:16:12","modified_gmt":"2024-06-14T16:16:12","slug":"clever-kids-600","status":"publish","type":"page","link":"https:\/\/aufaxe.de\/?page_id=384","title":{"rendered":"Clever Move Kids 600"},"content":{"rendered":"\n<p>Unser Clever Kids 600 bietet 4 feste Schlafpl\u00e4tze im Kastenwagen auf 6mtr. L\u00e4nge. Das obere Bett kann  zusammengeschoben (nur noch 1 Schlafplatz oben, daf\u00fcr mehr Kopffreiheit untern) oder mit rel. geringem Aufwand ausgebaut werden.<br><br>Ausgestattet mit Solaranlage ,  Kompressork\u00fchlschrank kann man 2-3 Tage autark stehen ohne sich Gedanken um die Energieversorgung machen zu m\u00fcssen.  <br><br>Weiterhin zus\u00e4tzlich vorhanden &#8211;   AHK (als Aufnahme f\u00fcr einen Fahrradtr\u00e4ger) , R\u00fcckfahrkamera, Schwellerschutzrohre, 10 Zoll  Naviceiver  , Batteriecomputer&#8230;.<\/p>\n\n\n\n<figure class=\"wp-block-image size-full is-style-default\"><img loading=\"lazy\" decoding=\"async\" width=\"1200\" height=\"809\" src=\"https:\/\/aufaxe.de\/wp-content\/uploads\/2020\/11\/Move02-AussenVornR.jpg\" alt=\"\" class=\"wp-image-465\" srcset=\"https:\/\/aufaxe.de\/wp-content\/uploads\/2020\/11\/Move02-AussenVornR.jpg 1200w, https:\/\/aufaxe.de\/wp-content\/uploads\/2020\/11\/Move02-AussenVornR-300x202.jpg 300w, https:\/\/aufaxe.de\/wp-content\/uploads\/2020\/11\/Move02-AussenVornR-1024x690.jpg 1024w, https:\/\/aufaxe.de\/wp-content\/uploads\/2020\/11\/Move02-AussenVornR-768x518.jpg 768w\" sizes=\"auto, (max-width: 1200px) 100vw, 1200px\" \/><figcaption class=\"wp-element-caption\">Farbe ist polarweiss, hier leicht verf\u00e4lscht<\/figcaption><\/figure>\n\n\n\n<figure class=\"wp-block-gallery has-nested-images columns-2 wp-block-gallery-1 is-layout-flex wp-block-gallery-is-layout-flex\">\n<figure class=\"wp-block-image size-full\"><img loading=\"lazy\" decoding=\"async\" width=\"1200\" height=\"647\" data-id=\"807\" src=\"https:\/\/aufaxe.de\/wp-content\/uploads\/2022\/12\/Move04-AussenHintenR.jpg\" alt=\"\" class=\"wp-image-807\" srcset=\"https:\/\/aufaxe.de\/wp-content\/uploads\/2022\/12\/Move04-AussenHintenR.jpg 1200w, https:\/\/aufaxe.de\/wp-content\/uploads\/2022\/12\/Move04-AussenHintenR-300x162.jpg 300w, https:\/\/aufaxe.de\/wp-content\/uploads\/2022\/12\/Move04-AussenHintenR-1024x552.jpg 1024w, https:\/\/aufaxe.de\/wp-content\/uploads\/2022\/12\/Move04-AussenHintenR-768x414.jpg 768w\" sizes=\"auto, (max-width: 1200px) 100vw, 1200px\" \/><figcaption class=\"wp-element-caption\"> <\/figcaption><\/figure>\n\n\n\n<figure data-wp-context=\"{&quot;imageId&quot;:&quot;6a05f115c81e9&quot;}\" data-wp-interactive=\"core\/image\" data-wp-key=\"6a05f115c81e9\" class=\"wp-block-image size-full is-style-default wp-lightbox-container\"><img loading=\"lazy\" decoding=\"async\" width=\"1200\" height=\"492\" data-wp-class--hide=\"state.isContentHidden\" data-wp-class--show=\"state.isContentVisible\" data-wp-init=\"callbacks.setButtonStyles\" data-wp-on--click=\"actions.showLightbox\" data-wp-on--load=\"callbacks.setButtonStyles\" data-wp-on-window--resize=\"callbacks.setButtonStyles\" data-id=\"464\" src=\"https:\/\/aufaxe.de\/wp-content\/uploads\/2020\/11\/Move-scaled-1.jpg\" alt=\"\" class=\"wp-image-464\" srcset=\"https:\/\/aufaxe.de\/wp-content\/uploads\/2020\/11\/Move-scaled-1.jpg 1200w, https:\/\/aufaxe.de\/wp-content\/uploads\/2020\/11\/Move-scaled-1-300x123.jpg 300w, https:\/\/aufaxe.de\/wp-content\/uploads\/2020\/11\/Move-scaled-1-1024x420.jpg 1024w, https:\/\/aufaxe.de\/wp-content\/uploads\/2020\/11\/Move-scaled-1-768x315.jpg 768w\" sizes=\"auto, (max-width: 1200px) 100vw, 1200px\" \/><button\n\t\t\tclass=\"lightbox-trigger\"\n\t\t\ttype=\"button\"\n\t\t\taria-haspopup=\"dialog\"\n\t\t\taria-label=\"Vergr\u00f6\u00dfern\"\n\t\t\tdata-wp-init=\"callbacks.initTriggerButton\"\n\t\t\tdata-wp-on--click=\"actions.showLightbox\"\n\t\t\tdata-wp-style--right=\"state.imageButtonRight\"\n\t\t\tdata-wp-style--top=\"state.imageButtonTop\"\n\t\t>\n\t\t\t<svg xmlns=\"http:\/\/www.w3.org\/2000\/svg\" width=\"12\" height=\"12\" fill=\"none\" viewBox=\"0 0 12 12\">\n\t\t\t\t<path fill=\"#fff\" d=\"M2 0a2 2 0 0 0-2 2v2h1.5V2a.5.5 0 0 1 .5-.5h2V0H2Zm2 10.5H2a.5.5 0 0 1-.5-.5V8H0v2a2 2 0 0 0 2 2h2v-1.5ZM8 12v-1.5h2a.5.5 0 0 0 .5-.5V8H12v2a2 2 0 0 1-2 2H8Zm2-12a2 2 0 0 1 2 2v2h-1.5V2a.5.5 0 0 0-.5-.5H8V0h2Z\" \/>\n\t\t\t<\/svg>\n\t\t<\/button><\/figure>\n\n\n\n<figure data-wp-context=\"{&quot;imageId&quot;:&quot;6a05f115c879f&quot;}\" data-wp-interactive=\"core\/image\" data-wp-key=\"6a05f115c879f\" class=\"wp-block-image size-full wp-lightbox-container\"><img loading=\"lazy\" decoding=\"async\" width=\"1200\" height=\"554\" data-wp-class--hide=\"state.isContentHidden\" data-wp-class--show=\"state.isContentVisible\" data-wp-init=\"callbacks.setButtonStyles\" data-wp-on--click=\"actions.showLightbox\" data-wp-on--load=\"callbacks.setButtonStyles\" data-wp-on-window--resize=\"callbacks.setButtonStyles\" data-id=\"805\" src=\"https:\/\/aufaxe.de\/wp-content\/uploads\/2022\/12\/Move06-InnenVorn.jpg\" alt=\"\" class=\"wp-image-805\" srcset=\"https:\/\/aufaxe.de\/wp-content\/uploads\/2022\/12\/Move06-InnenVorn.jpg 1200w, https:\/\/aufaxe.de\/wp-content\/uploads\/2022\/12\/Move06-InnenVorn-300x139.jpg 300w, https:\/\/aufaxe.de\/wp-content\/uploads\/2022\/12\/Move06-InnenVorn-1024x473.jpg 1024w, https:\/\/aufaxe.de\/wp-content\/uploads\/2022\/12\/Move06-InnenVorn-768x355.jpg 768w\" sizes=\"auto, (max-width: 1200px) 100vw, 1200px\" \/><button\n\t\t\tclass=\"lightbox-trigger\"\n\t\t\ttype=\"button\"\n\t\t\taria-haspopup=\"dialog\"\n\t\t\taria-label=\"Vergr\u00f6\u00dfern\"\n\t\t\tdata-wp-init=\"callbacks.initTriggerButton\"\n\t\t\tdata-wp-on--click=\"actions.showLightbox\"\n\t\t\tdata-wp-style--right=\"state.imageButtonRight\"\n\t\t\tdata-wp-style--top=\"state.imageButtonTop\"\n\t\t>\n\t\t\t<svg xmlns=\"http:\/\/www.w3.org\/2000\/svg\" width=\"12\" height=\"12\" fill=\"none\" viewBox=\"0 0 12 12\">\n\t\t\t\t<path fill=\"#fff\" d=\"M2 0a2 2 0 0 0-2 2v2h1.5V2a.5.5 0 0 1 .5-.5h2V0H2Zm2 10.5H2a.5.5 0 0 1-.5-.5V8H0v2a2 2 0 0 0 2 2h2v-1.5ZM8 12v-1.5h2a.5.5 0 0 0 .5-.5V8H12v2a2 2 0 0 1-2 2H8Zm2-12a2 2 0 0 1 2 2v2h-1.5V2a.5.5 0 0 0-.5-.5H8V0h2Z\" \/>\n\t\t\t<\/svg>\n\t\t<\/button><\/figure>\n\n\n\n<figure class=\"wp-block-image size-full\"><img loading=\"lazy\" decoding=\"async\" width=\"1600\" height=\"1508\" data-id=\"623\" src=\"https:\/\/aufaxe.de\/wp-content\/uploads\/2022\/01\/Fahrradtra\u0308ger.jpg\" alt=\"\" class=\"wp-image-623\" srcset=\"https:\/\/aufaxe.de\/wp-content\/uploads\/2022\/01\/Fahrradtra\u0308ger.jpg 1600w, https:\/\/aufaxe.de\/wp-content\/uploads\/2022\/01\/Fahrradtra\u0308ger-300x283.jpg 300w, https:\/\/aufaxe.de\/wp-content\/uploads\/2022\/01\/Fahrradtra\u0308ger-1024x965.jpg 1024w, https:\/\/aufaxe.de\/wp-content\/uploads\/2022\/01\/Fahrradtra\u0308ger-768x724.jpg 768w, https:\/\/aufaxe.de\/wp-content\/uploads\/2022\/01\/Fahrradtra\u0308ger-1536x1448.jpg 1536w\" sizes=\"auto, (max-width: 1600px) 100vw, 1600px\" \/><figcaption class=\"wp-element-caption\"> <\/figcaption><\/figure>\n\n\n\n<figure data-wp-context=\"{&quot;imageId&quot;:&quot;6a05f115c8dc4&quot;}\" data-wp-interactive=\"core\/image\" data-wp-key=\"6a05f115c8dc4\" class=\"wp-block-image size-full wp-lightbox-container\"><img loading=\"lazy\" decoding=\"async\" width=\"1200\" height=\"554\" data-wp-class--hide=\"state.isContentHidden\" data-wp-class--show=\"state.isContentVisible\" data-wp-init=\"callbacks.setButtonStyles\" data-wp-on--click=\"actions.showLightbox\" data-wp-on--load=\"callbacks.setButtonStyles\" data-wp-on-window--resize=\"callbacks.setButtonStyles\" data-id=\"474\" src=\"https:\/\/aufaxe.de\/wp-content\/uploads\/2020\/11\/Move08-InnenGanzVorn.jpg\" alt=\"\" class=\"wp-image-474\" srcset=\"https:\/\/aufaxe.de\/wp-content\/uploads\/2020\/11\/Move08-InnenGanzVorn.jpg 1200w, https:\/\/aufaxe.de\/wp-content\/uploads\/2020\/11\/Move08-InnenGanzVorn-300x139.jpg 300w, https:\/\/aufaxe.de\/wp-content\/uploads\/2020\/11\/Move08-InnenGanzVorn-1024x473.jpg 1024w, https:\/\/aufaxe.de\/wp-content\/uploads\/2020\/11\/Move08-InnenGanzVorn-768x355.jpg 768w\" sizes=\"auto, (max-width: 1200px) 100vw, 1200px\" \/><button\n\t\t\tclass=\"lightbox-trigger\"\n\t\t\ttype=\"button\"\n\t\t\taria-haspopup=\"dialog\"\n\t\t\taria-label=\"Vergr\u00f6\u00dfern\"\n\t\t\tdata-wp-init=\"callbacks.initTriggerButton\"\n\t\t\tdata-wp-on--click=\"actions.showLightbox\"\n\t\t\tdata-wp-style--right=\"state.imageButtonRight\"\n\t\t\tdata-wp-style--top=\"state.imageButtonTop\"\n\t\t>\n\t\t\t<svg xmlns=\"http:\/\/www.w3.org\/2000\/svg\" width=\"12\" height=\"12\" fill=\"none\" viewBox=\"0 0 12 12\">\n\t\t\t\t<path fill=\"#fff\" d=\"M2 0a2 2 0 0 0-2 2v2h1.5V2a.5.5 0 0 1 .5-.5h2V0H2Zm2 10.5H2a.5.5 0 0 1-.5-.5V8H0v2a2 2 0 0 0 2 2h2v-1.5ZM8 12v-1.5h2a.5.5 0 0 0 .5-.5V8H12v2a2 2 0 0 1-2 2H8Zm2-12a2 2 0 0 1 2 2v2h-1.5V2a.5.5 0 0 0-.5-.5H8V0h2Z\" \/>\n\t\t\t<\/svg>\n\t\t<\/button><\/figure>\n\n\n\n<figure data-wp-context=\"{&quot;imageId&quot;:&quot;6a05f115c92f4&quot;}\" data-wp-interactive=\"core\/image\" data-wp-key=\"6a05f115c92f4\" class=\"wp-block-image size-full wp-lightbox-container\"><img loading=\"lazy\" decoding=\"async\" width=\"1200\" height=\"553\" data-wp-class--hide=\"state.isContentHidden\" data-wp-class--show=\"state.isContentVisible\" data-wp-init=\"callbacks.setButtonStyles\" data-wp-on--click=\"actions.showLightbox\" data-wp-on--load=\"callbacks.setButtonStyles\" data-wp-on-window--resize=\"callbacks.setButtonStyles\" data-id=\"472\" src=\"https:\/\/aufaxe.de\/wp-content\/uploads\/2020\/11\/Move06-InnenHinten02.jpg\" alt=\"\" class=\"wp-image-472\" srcset=\"https:\/\/aufaxe.de\/wp-content\/uploads\/2020\/11\/Move06-InnenHinten02.jpg 1200w, https:\/\/aufaxe.de\/wp-content\/uploads\/2020\/11\/Move06-InnenHinten02-300x138.jpg 300w, https:\/\/aufaxe.de\/wp-content\/uploads\/2020\/11\/Move06-InnenHinten02-1024x472.jpg 1024w, https:\/\/aufaxe.de\/wp-content\/uploads\/2020\/11\/Move06-InnenHinten02-768x354.jpg 768w\" sizes=\"auto, (max-width: 1200px) 100vw, 1200px\" \/><button\n\t\t\tclass=\"lightbox-trigger\"\n\t\t\ttype=\"button\"\n\t\t\taria-haspopup=\"dialog\"\n\t\t\taria-label=\"Vergr\u00f6\u00dfern\"\n\t\t\tdata-wp-init=\"callbacks.initTriggerButton\"\n\t\t\tdata-wp-on--click=\"actions.showLightbox\"\n\t\t\tdata-wp-style--right=\"state.imageButtonRight\"\n\t\t\tdata-wp-style--top=\"state.imageButtonTop\"\n\t\t>\n\t\t\t<svg xmlns=\"http:\/\/www.w3.org\/2000\/svg\" width=\"12\" height=\"12\" fill=\"none\" viewBox=\"0 0 12 12\">\n\t\t\t\t<path fill=\"#fff\" d=\"M2 0a2 2 0 0 0-2 2v2h1.5V2a.5.5 0 0 1 .5-.5h2V0H2Zm2 10.5H2a.5.5 0 0 1-.5-.5V8H0v2a2 2 0 0 0 2 2h2v-1.5ZM8 12v-1.5h2a.5.5 0 0 0 .5-.5V8H12v2a2 2 0 0 1-2 2H8Zm2-12a2 2 0 0 1 2 2v2h-1.5V2a.5.5 0 0 0-.5-.5H8V0h2Z\" \/>\n\t\t\t<\/svg>\n\t\t<\/button><\/figure>\n\n\n\n<figure class=\"wp-block-image size-full\"><img loading=\"lazy\" decoding=\"async\" width=\"1200\" height=\"1335\" data-id=\"808\" src=\"https:\/\/aufaxe.de\/wp-content\/uploads\/2022\/12\/Move05-AussenBettenHinten.jpg\" alt=\"\" class=\"wp-image-808\" srcset=\"https:\/\/aufaxe.de\/wp-content\/uploads\/2022\/12\/Move05-AussenBettenHinten.jpg 1200w, https:\/\/aufaxe.de\/wp-content\/uploads\/2022\/12\/Move05-AussenBettenHinten-270x300.jpg 270w, https:\/\/aufaxe.de\/wp-content\/uploads\/2022\/12\/Move05-AussenBettenHinten-920x1024.jpg 920w, https:\/\/aufaxe.de\/wp-content\/uploads\/2022\/12\/Move05-AussenBettenHinten-768x854.jpg 768w\" sizes=\"auto, (max-width: 1200px) 100vw, 1200px\" \/><figcaption class=\"wp-element-caption\"> <\/figcaption><\/figure>\n\n\n\n<figure class=\"wp-block-image size-large\"><img loading=\"lazy\" decoding=\"async\" width=\"599\" height=\"1024\" data-id=\"470\" src=\"https:\/\/aufaxe.de\/wp-content\/uploads\/2020\/11\/Move06-Bad-599x1024.jpg\" alt=\"\" class=\"wp-image-470\" srcset=\"https:\/\/aufaxe.de\/wp-content\/uploads\/2020\/11\/Move06-Bad-599x1024.jpg 599w, https:\/\/aufaxe.de\/wp-content\/uploads\/2020\/11\/Move06-Bad-176x300.jpg 176w, https:\/\/aufaxe.de\/wp-content\/uploads\/2020\/11\/Move06-Bad.jpg 702w\" sizes=\"auto, (max-width: 599px) 100vw, 599px\" \/><\/figure>\n\n\n\n<figure data-wp-context=\"{&quot;imageId&quot;:&quot;6a05f115c9a8f&quot;}\" data-wp-interactive=\"core\/image\" data-wp-key=\"6a05f115c9a8f\" class=\"wp-block-image size-full wp-lightbox-container\"><img loading=\"lazy\" decoding=\"async\" width=\"1200\" height=\"628\" data-wp-class--hide=\"state.isContentHidden\" data-wp-class--show=\"state.isContentVisible\" data-wp-init=\"callbacks.setButtonStyles\" data-wp-on--click=\"actions.showLightbox\" data-wp-on--load=\"callbacks.setButtonStyles\" data-wp-on-window--resize=\"callbacks.setButtonStyles\" data-id=\"467\" src=\"https:\/\/aufaxe.de\/wp-content\/uploads\/2020\/11\/Move03-AussenR.jpg\" alt=\"\" class=\"wp-image-467\" srcset=\"https:\/\/aufaxe.de\/wp-content\/uploads\/2020\/11\/Move03-AussenR.jpg 1200w, https:\/\/aufaxe.de\/wp-content\/uploads\/2020\/11\/Move03-AussenR-300x157.jpg 300w, https:\/\/aufaxe.de\/wp-content\/uploads\/2020\/11\/Move03-AussenR-1024x536.jpg 1024w, https:\/\/aufaxe.de\/wp-content\/uploads\/2020\/11\/Move03-AussenR-768x402.jpg 768w\" sizes=\"auto, (max-width: 1200px) 100vw, 1200px\" \/><button\n\t\t\tclass=\"lightbox-trigger\"\n\t\t\ttype=\"button\"\n\t\t\taria-haspopup=\"dialog\"\n\t\t\taria-label=\"Vergr\u00f6\u00dfern\"\n\t\t\tdata-wp-init=\"callbacks.initTriggerButton\"\n\t\t\tdata-wp-on--click=\"actions.showLightbox\"\n\t\t\tdata-wp-style--right=\"state.imageButtonRight\"\n\t\t\tdata-wp-style--top=\"state.imageButtonTop\"\n\t\t>\n\t\t\t<svg xmlns=\"http:\/\/www.w3.org\/2000\/svg\" width=\"12\" height=\"12\" fill=\"none\" viewBox=\"0 0 12 12\">\n\t\t\t\t<path fill=\"#fff\" d=\"M2 0a2 2 0 0 0-2 2v2h1.5V2a.5.5 0 0 1 .5-.5h2V0H2Zm2 10.5H2a.5.5 0 0 1-.5-.5V8H0v2a2 2 0 0 0 2 2h2v-1.5ZM8 12v-1.5h2a.5.5 0 0 0 .5-.5V8H12v2a2 2 0 0 1-2 2H8Zm2-12a2 2 0 0 1 2 2v2h-1.5V2a.5.5 0 0 0-.5-.5H8V0h2Z\" \/>\n\t\t\t<\/svg>\n\t\t<\/button><\/figure>\n\n\n\n<figure data-wp-context=\"{&quot;imageId&quot;:&quot;6a05f115ca32b&quot;}\" data-wp-interactive=\"core\/image\" data-wp-key=\"6a05f115ca32b\" class=\"wp-block-image size-full wp-lightbox-container\"><img loading=\"lazy\" decoding=\"async\" width=\"1200\" height=\"647\" data-wp-class--hide=\"state.isContentHidden\" data-wp-class--show=\"state.isContentVisible\" data-wp-init=\"callbacks.setButtonStyles\" data-wp-on--click=\"actions.showLightbox\" data-wp-on--load=\"callbacks.setButtonStyles\" data-wp-on-window--resize=\"callbacks.setButtonStyles\" data-id=\"468\" src=\"https:\/\/aufaxe.de\/wp-content\/uploads\/2020\/11\/Move04-AussenHintenR.jpg\" alt=\"\" class=\"wp-image-468\" srcset=\"https:\/\/aufaxe.de\/wp-content\/uploads\/2020\/11\/Move04-AussenHintenR.jpg 1200w, https:\/\/aufaxe.de\/wp-content\/uploads\/2020\/11\/Move04-AussenHintenR-300x162.jpg 300w, https:\/\/aufaxe.de\/wp-content\/uploads\/2020\/11\/Move04-AussenHintenR-1024x552.jpg 1024w, https:\/\/aufaxe.de\/wp-content\/uploads\/2020\/11\/Move04-AussenHintenR-768x414.jpg 768w\" sizes=\"auto, (max-width: 1200px) 100vw, 1200px\" \/><button\n\t\t\tclass=\"lightbox-trigger\"\n\t\t\ttype=\"button\"\n\t\t\taria-haspopup=\"dialog\"\n\t\t\taria-label=\"Vergr\u00f6\u00dfern\"\n\t\t\tdata-wp-init=\"callbacks.initTriggerButton\"\n\t\t\tdata-wp-on--click=\"actions.showLightbox\"\n\t\t\tdata-wp-style--right=\"state.imageButtonRight\"\n\t\t\tdata-wp-style--top=\"state.imageButtonTop\"\n\t\t>\n\t\t\t<svg xmlns=\"http:\/\/www.w3.org\/2000\/svg\" width=\"12\" height=\"12\" fill=\"none\" viewBox=\"0 0 12 12\">\n\t\t\t\t<path fill=\"#fff\" d=\"M2 0a2 2 0 0 0-2 2v2h1.5V2a.5.5 0 0 1 .5-.5h2V0H2Zm2 10.5H2a.5.5 0 0 1-.5-.5V8H0v2a2 2 0 0 0 2 2h2v-1.5ZM8 12v-1.5h2a.5.5 0 0 0 .5-.5V8H12v2a2 2 0 0 1-2 2H8Zm2-12a2 2 0 0 1 2 2v2h-1.5V2a.5.5 0 0 0-.5-.5H8V0h2Z\" \/>\n\t\t\t<\/svg>\n\t\t<\/button><\/figure>\n<\/figure>\n\n\n\n<figure class=\"wp-block-image size-large\"><img loading=\"lazy\" decoding=\"async\" width=\"1024\" height=\"549\" src=\"https:\/\/aufaxe.de\/wp-content\/uploads\/2024\/06\/20240614_171138-Kopie-1-1024x549.jpg\" alt=\"\" class=\"wp-image-1193\" srcset=\"https:\/\/aufaxe.de\/wp-content\/uploads\/2024\/06\/20240614_171138-Kopie-1-1024x549.jpg 1024w, https:\/\/aufaxe.de\/wp-content\/uploads\/2024\/06\/20240614_171138-Kopie-1-300x161.jpg 300w, https:\/\/aufaxe.de\/wp-content\/uploads\/2024\/06\/20240614_171138-Kopie-1-768x412.jpg 768w, https:\/\/aufaxe.de\/wp-content\/uploads\/2024\/06\/20240614_171138-Kopie-1-1536x824.jpg 1536w, https:\/\/aufaxe.de\/wp-content\/uploads\/2024\/06\/20240614_171138-Kopie-1.jpg 1600w\" sizes=\"auto, (max-width: 1024px) 100vw, 1024px\" \/><\/figure>\n\n\n\n<p>Anstelle einer Markise gibt es beim Move ein regendichtes Sonnensegel, in 5 Minuten aufgebaut, dank der Befestigungen am Dach &#8230;<\/p>\n\n\n\n<p><\/p>\n","protected":false},"excerpt":{"rendered":"<p>Unser Clever Kids 600 bietet 4 feste Schlafpl\u00e4tze im Kastenwagen auf 6mtr. L\u00e4nge. Das obere Bett kann zusammengeschoben (nur noch 1 Schlafplatz oben, daf\u00fcr mehr Kopffreiheit untern) oder mit rel. geringem Aufwand ausgebaut werden. Ausgestattet mit Solaranlage , Kompressork\u00fchlschrank kann man 2-3 Tage autark stehen ohne sich Gedanken um die Energieversorgung machen zu m\u00fcssen. Weiterhin <a class=\"more-link\" href=\"https:\/\/aufaxe.de\/?page_id=384\">weiterlesen&#8230;<\/a><\/p>\n","protected":false},"author":1,"featured_media":0,"parent":0,"menu_order":0,"comment_status":"closed","ping_status":"closed","template":"","meta":{"footnotes":""},"class_list":["post-384","page","type-page","status-publish","hentry"],"_links":{"self":[{"href":"https:\/\/aufaxe.de\/index.php?rest_route=\/wp\/v2\/pages\/384","targetHints":{"allow":["GET"]}}],"collection":[{"href":"https:\/\/aufaxe.de\/index.php?rest_route=\/wp\/v2\/pages"}],"about":[{"href":"https:\/\/aufaxe.de\/index.php?rest_route=\/wp\/v2\/types\/page"}],"author":[{"embeddable":true,"href":"https:\/\/aufaxe.de\/index.php?rest_route=\/wp\/v2\/users\/1"}],"replies":[{"embeddable":true,"href":"https:\/\/aufaxe.de\/index.php?rest_route=%2Fwp%2Fv2%2Fcomments&post=384"}],"version-history":[{"count":16,"href":"https:\/\/aufaxe.de\/index.php?rest_route=\/wp\/v2\/pages\/384\/revisions"}],"predecessor-version":[{"id":1196,"href":"https:\/\/aufaxe.de\/index.php?rest_route=\/wp\/v2\/pages\/384\/revisions\/1196"}],"wp:attachment":[{"href":"https:\/\/aufaxe.de\/index.php?rest_route=%2Fwp%2Fv2%2Fmedia&parent=384"}],"curies":[{"name":"wp","href":"https:\/\/api.w.org\/{rel}","templated":true}]}}