{"id":299,"date":"2019-11-27T17:02:33","date_gmt":"2019-11-27T16:02:33","guid":{"rendered":"http:\/\/tono.goip.de\/WordPress\/?page_id=299"},"modified":"2025-09-08T21:06:49","modified_gmt":"2025-09-08T21:06:49","slug":"datenschutz","status":"publish","type":"page","link":"https:\/\/aufaxe.de\/?page_id=299","title":{"rendered":"Datenschutz"},"content":{"rendered":"\n<h1>Datenschutzerkl\u00e4rung<\/h1>\n<p>Verantwortlicher im Sinne der Datenschutzgesetze, insbesondere der EU-Datenschutzgrundverordnung (DSGVO), ist:<\/p><br>\n<p>Thorsten Noske (siehe Impressum) <\/p>\n<h2>Ihre Betroffenenrechte<\/h2>\n<p>Unter den angegebenen Kontaktdaten unseres Datenschutzbeauftragten k\u00f6nnen Sie jederzeit folgende Rechte aus\u00fcben:<\/p>\n<ul>\n<li>Auskunft \u00fcber Ihre bei uns gespeicherten Daten und deren Verarbeitung (Art. 15 DSGVO),<\/li>\n<li>Berichtigung unrichtiger personenbezogener Daten (Art. 16 DSGVO),<\/li>\n<li>L\u00f6schung Ihrer bei uns gespeicherten Daten (Art. 17 DSGVO),<\/li>\n<li>Einschr\u00e4nkung der Datenverarbeitung, sofern wir Ihre Daten aufgrund gesetzlicher Pflichten noch nicht l\u00f6schen d\u00fcrfen (Art. 18 DSGVO),<\/li>\n<li>Widerspruch gegen die Verarbeitung Ihrer Daten bei uns (Art. 21 DSGVO) und<\/li>\n<li>Daten\u00fcbertragbarkeit, sofern Sie in die Datenverarbeitung eingewilligt haben oder einen Vertrag mit uns abgeschlossen haben (Art. 20 DSGVO).<\/li>\n<\/ul>\n<p>Sofern Sie uns eine Einwilligung erteilt haben, k\u00f6nnen Sie diese jederzeit mit Wirkung f\u00fcr die Zukunft widerrufen.<\/p>\n<p>Sie k\u00f6nnen sich jederzeit mit einer Beschwerde an eine Aufsichtsbeh\u00f6rde wenden, z. B. an die zust\u00e4ndige Aufsichtsbeh\u00f6rde des Bundeslands Ihres Wohnsitzes oder an die f\u00fcr uns als verantwortliche Stelle zust\u00e4ndige Beh\u00f6rde.<\/p>\n<p>Eine Liste der Aufsichtsbeh\u00f6rden (f\u00fcr den nicht\u00f6ffentlichen Bereich) mit Anschrift finden Sie unter: <a href=\"https:\/\/www.bfdi.bund.de\/DE\/Infothek\/Anschriften_Links\/anschriften_links-node.html\" target=\"_blank\" rel=\"nofollow noopener noreferrer\">https:\/\/www.bfdi.bund.de\/DE\/Infothek\/Anschriften_Links\/anschriften_links-node.html<\/a>.<\/p>\n<p><\/p><h2>Kontaktformular<\/h2>\n<h3>Art und Zweck der Verarbeitung:<\/h3>\n<p>Die von Ihnen eingegebenen Daten werden zum Zweck der individuellen Kommunikation mit Ihnen gespeichert. Hierf\u00fcr ist die Angabe einer validen E-Mail-Adresse sowie Ihres Namens erforderlich. Diese dient der Zuordnung der Anfrage und der anschlie\u00dfenden Beantwortung derselben. Die Angabe weiterer Daten ist optional.<\/p>\n<h3>Rechtsgrundlage:<\/h3>\n<p>Die Verarbeitung der in das Kontaktformular eingegebenen Daten erfolgt auf der Grundlage eines berechtigten Interesses (Art. 6 Abs. 1 lit. f DSGVO).<\/p>\n<p>Durch Bereitstellung des Kontaktformulars m\u00f6chten wir Ihnen eine unkomplizierte Kontaktaufnahme erm\u00f6glichen. Ihre gemachten Angaben werden zum Zwecke der Bearbeitung der Anfrage sowie f\u00fcr m\u00f6gliche Anschlussfragen gespeichert.<\/p>\n<p>Sofern Sie mit uns Kontakt aufnehmen, um ein Angebot zu erfragen, erfolgt die Verarbeitung der in das Kontaktformular eingegebenen Daten zur Durchf\u00fchrung vorvertraglicher Ma\u00dfnahmen (Art. 6 Abs. 1 lit. b DSGVO).<\/p>\n<h3>Empf\u00e4nger:<\/h3>\n<p>Empf\u00e4nger der Daten sind ggf. Auftragsverarbeiter.<\/p>\n<h3>Speicherdauer:<\/h3>\n<p>Daten werden sp\u00e4testens 6 Monate nach Bearbeitung der Anfrage gel\u00f6scht.<\/p>\n<p>Sofern es zu einem Vertragsverh\u00e4ltnis kommt, unterliegen wir den gesetzlichen Aufbewahrungsfristen nach HGB und l\u00f6schen Ihre Daten nach Ablauf dieser Fristen. <\/p>\n<h3>Bereitstellung vorgeschrieben oder erforderlich:<\/h3>\n<p>Die Bereitstellung Ihrer personenbezogenen Daten erfolgt freiwillig. Wir k\u00f6nnen Ihre Anfrage jedoch nur bearbeiten, sofern Sie uns Ihren Namen, Ihre E-Mail-Adresse und den Grund der Anfrage mitteilen.<\/p>\n<p><\/p><h2>Google AdWords<\/h2>\n<h3>Art und Zweck der Verarbeitung:<\/h3>\n<p>Unsere Webseite nutzt das Google Conversion-Tracking. Betreibergesellschaft der Dienste von Google AdWords ist die Google LLC, 1600 Amphitheatre Parkway, Mountain View, CA 94043, USA. Sind Sie \u00fcber eine von Google geschaltete Anzeige auf unsere Webseite gelangt, wird von Google Adwords ein Cookie auf Ihrem Rechner gesetzt. Das Cookie f\u00fcr Conversion-Tracking wird gesetzt, wenn ein Nutzer auf eine von Google geschaltete Anzeige klickt.<\/p>\n<p>Besucht der Nutzer bestimmte Seiten unserer Website und das Cookie ist noch nicht abgelaufen, k\u00f6nnen wir und Google erkennen, dass der Nutzer auf die Anzeige geklickt hat und zu dieser Seite weitergeleitet wurde. Jeder Google AdWords-Kunde erh\u00e4lt ein anderes Cookie. Cookies k\u00f6nnen somit nicht \u00fcber die Websites von AdWords-Kunden nachverfolgt werden. Die mithilfe des Conversion-Cookies eingeholten Informationen dienen dazu, Conversion-Statistiken f\u00fcr AdWords-Kunden zu erstellen, die sich f\u00fcr Conversion-Tracking entschieden haben. Die Kunden erfahren die Gesamtanzahl der Nutzer, die auf ihre Anzeige geklickt haben und zu einer mit einem Conversion-Tracking-Tag versehenen Seite weitergeleitet wurden. Sie erhalten jedoch keine Informationen, mit denen sich Nutzer pers\u00f6nlich identifizieren lassen.<\/p>\n<h3>Rechtsgrundlage:<\/h3>\n<p>Rechtsgrundlage f\u00fcr die Einbindung von Google AdWords und dem damit verbundenen Datentransfer zu Google ist Ihre Einwilligung (Art. 6 Abs. 1 lit. a DSGVO).<\/p>\n<h3>Empf\u00e4nger:<\/h3>\n<p>Bei jedem Besuch unsere Webseite werden personenbezogene Daten, einschlie\u00dflich Ihrer IP-Adresse an Google in die USA \u00fcbertragen. Diese personenbezogenen Daten werden durch Google gespeichert. Google gibt diese \u00fcber das technische Verfahren erhobenen personenbezogenen Daten unter Umst\u00e4nden an Dritte weiter.<\/p>\n<p>Unser Unternehmen enth\u00e4lt keine Informationen von Google, mittels derer die betroffene Person identifiziert werden k\u00f6nnte.<\/p>\n<h3>Speicherdauer:<\/h3>\n<p>Diese Cookies verlieren nach 30 Tagen ihre G\u00fcltigkeit und dienen nicht der pers\u00f6nlichen Identifizierung.<\/p>\n<h3>Drittlandtransfer:<\/h3>\n<p>Google verarbeitet Ihre Daten in den USA und hat sich dem EU_US Privacy Shield unterworfen <a href=\"https:\/\/www.privacyshield.gov\/EU-US-Framework\">https:\/\/www.privacyshield.gov\/EU-US-Framework<\/a>.<\/p>\n<h3>Widerruf der Einwilligung:<\/h3>\n<p>M\u00f6chten Sie nicht am Tracking teilnehmen, k\u00f6nnen Sie das hierf\u00fcr erforderliche Setzen eines Cookies ablehnen \u2013 etwa per Browser-Einstellung, die das automatische Setzen von Cookies generell deaktiviert oder Ihren Browser so einstellen, dass Cookies von der Domain \u201egoogleleadservices.com\u201c blockiert werden.<\/p>\n<p>Bitte beachten Sie, dass Sie die Opt-out-Cookies nicht l\u00f6schen d\u00fcrfen, solange Sie keine Aufzeichnung von Messdaten w\u00fcnschen. Haben Sie alle Ihre Cookies im Browser gel\u00f6scht, m\u00fcssen Sie das jeweilige Opt-out Cookie erneut setzen.<\/p>\n<h3>Bereitstellung vorgeschrieben oder erforderlich:<\/h3>\n<p>Die Bereitstellung Ihrer personenbezogenen Daten erfolgt freiwillig, allein auf Basis Ihrer Einwilligung. Sofern Sie den Zugriff unterbinden, kann es hierdurch zu Funktionseinschr\u00e4nkungen auf der Website kommen.<\/p>\n<p><\/p><h2>SSL-Verschl\u00fcsselung<\/h2>\n<p>Um die Sicherheit Ihrer Daten bei der \u00dcbertragung zu sch\u00fctzen, verwenden wir dem aktuellen Stand der Technik entsprechende Verschl\u00fcsselungsverfahren (z. B. SSL) \u00fcber HTTPS.<\/p>\n<p><\/p><h2>\u00c4nderung unserer Datenschutzbestimmungen<\/h2>\n<p>Wir behalten uns vor, diese Datenschutzerkl\u00e4rung anzupassen, damit sie stets den aktuellen rechtlichen Anforderungen entspricht oder um \u00c4nderungen unserer Leistungen in der Datenschutzerkl\u00e4rung umzusetzen, z.B. bei der Einf\u00fchrung neuer Services. F\u00fcr Ihren erneuten Besuch gilt dann die neue Datenschutzerkl\u00e4rung.<\/p>\n<h2>Fragen an den Datenschutzbeauftragten<\/h2>\n<p>Wenn Sie Fragen zum Datenschutz haben, schreiben Sie uns bitte eine E-Mail oder wenden Sie sich direkt an die f\u00fcr den Datenschutz verantwortliche Person in unserer Organisation:<\/p>\n<p>vermietung@aufaxe.de<\/p>\n<p><em>Die Datenschutzerkl\u00e4rung wurde mithilfe der activeMind AG erstellt, den Experten f\u00fcr <a href=\"https:\/\/www.activemind.de\/datenschutz\/datenschutzhinweis-generator\/\" target=\"_blank\" rel=\"noopener noreferrer\">externe Datenschutzbeauftragte<\/a> (Version #2019-04-10).<\/em><\/p>\n","protected":false},"excerpt":{"rendered":"<p>Datenschutzerkl\u00e4rung Verantwortlicher im Sinne der Datenschutzgesetze, insbesondere der EU-Datenschutzgrundverordnung (DSGVO), ist: Thorsten Noske (siehe Impressum) Ihre Betroffenenrechte Unter den angegebenen Kontaktdaten unseres Datenschutzbeauftragten k\u00f6nnen Sie jederzeit folgende Rechte aus\u00fcben: Auskunft \u00fcber Ihre bei uns gespeicherten Daten und deren Verarbeitung (Art. 15 DSGVO), Berichtigung unrichtiger personenbezogener Daten (Art. 16 DSGVO), L\u00f6schung Ihrer bei uns gespeicherten Daten <a class=\"more-link\" href=\"https:\/\/aufaxe.de\/?page_id=299\">weiterlesen&#8230;<\/a><\/p>\n","protected":false},"author":1,"featured_media":0,"parent":0,"menu_order":0,"comment_status":"closed","ping_status":"closed","template":"","meta":{"footnotes":""},"class_list":["post-299","page","type-page","status-publish","hentry"],"_links":{"self":[{"href":"https:\/\/aufaxe.de\/index.php?rest_route=\/wp\/v2\/pages\/299","targetHints":{"allow":["GET"]}}],"collection":[{"href":"https:\/\/aufaxe.de\/index.php?rest_route=\/wp\/v2\/pages"}],"about":[{"href":"https:\/\/aufaxe.de\/index.php?rest_route=\/wp\/v2\/types\/page"}],"author":[{"embeddable":true,"href":"https:\/\/aufaxe.de\/index.php?rest_route=\/wp\/v2\/users\/1"}],"replies":[{"embeddable":true,"href":"https:\/\/aufaxe.de\/index.php?rest_route=%2Fwp%2Fv2%2Fcomments&post=299"}],"version-history":[{"count":1,"href":"https:\/\/aufaxe.de\/index.php?rest_route=\/wp\/v2\/pages\/299\/revisions"}],"predecessor-version":[{"id":1431,"href":"https:\/\/aufaxe.de\/index.php?rest_route=\/wp\/v2\/pages\/299\/revisions\/1431"}],"wp:attachment":[{"href":"https:\/\/aufaxe.de\/index.php?rest_route=%2Fwp%2Fv2%2Fmedia&parent=299"}],"curies":[{"name":"wp","href":"https:\/\/api.w.org\/{rel}","templated":true}]}}