{"id":212,"date":"2019-11-23T18:21:42","date_gmt":"2019-11-23T17:21:42","guid":{"rendered":"http:\/\/tono.goip.de\/WordPress\/?page_id=212"},"modified":"2023-11-21T16:30:22","modified_gmt":"2023-11-21T16:30:22","slug":"clever-celebration-light-weiss","status":"publish","type":"page","link":"https:\/\/aufaxe.de\/?page_id=212","title":{"rendered":"Clever Celebration Wei\u00df"},"content":{"rendered":"\n<p>Celebration Light &#8211; Sondermodell des Celebration von Clever. Hier wurde das Celebration Konzept auf das Wesentliche konzentriert und auf unwichtige  Details verzichtet. (Metalliclack, Zuziehhilfe f\u00fcr die Schiebet\u00fcr, Hochglanzfronten an den H\u00e4ngeschr\u00e4nken &#8230;) .   Den daraus entstehenden Preisvorteil habe ich in das Fahrzeug reinvestiert und  aus meiner Sicht wichtige (oder zumindest n\u00fctzliche) Extras investiert.   18 Zoll Fahrwerk, R\u00fcckfahrkamera mit 9 Zoll Android Naviceiver,  Markise, AHK, 150Wp Solaranlage mit MPPT Regler , Ladebooster und 120Ah LiFePO Aufbauakku.  <br>Das sind Features die sonst der Oberklasse im Kastenwagensegment  vorbehalten sind.<\/p>\n\n\n\n<div class=\"wp-block-group\"><div class=\"wp-block-group__inner-container is-layout-flow wp-block-group-is-layout-flow\">\n<figure class=\"wp-block-image size-large\"><img loading=\"lazy\" decoding=\"async\" width=\"500\" height=\"500\" src=\"https:\/\/aufaxe.de\/wp-content\/uploads\/2019\/11\/AA-LOGO.jpg\" alt=\"\" class=\"wp-image-141\" srcset=\"https:\/\/aufaxe.de\/wp-content\/uploads\/2019\/11\/AA-LOGO.jpg 500w, https:\/\/aufaxe.de\/wp-content\/uploads\/2019\/11\/AA-LOGO-300x300.jpg 300w, https:\/\/aufaxe.de\/wp-content\/uploads\/2019\/11\/AA-LOGO-150x150.jpg 150w, https:\/\/aufaxe.de\/wp-content\/uploads\/2019\/11\/AA-LOGO-100x100.jpg 100w\" sizes=\"auto, (max-width: 500px) 100vw, 500px\" \/><figcaption class=\"wp-element-caption\">599cm lang, ca. 200cm breit , 3500kg  , 2+1 Schlafpl\u00e4tze<\/figcaption><\/figure>\n\n\n\n<figure data-wp-context=\"{&quot;imageId&quot;:&quot;69e1329373231&quot;}\" data-wp-interactive=\"core\/image\" data-wp-key=\"69e1329373231\" class=\"wp-block-image size-large is-style-rounded wp-lightbox-container\"><img loading=\"lazy\" decoding=\"async\" width=\"683\" height=\"1024\" data-wp-class--hide=\"state.isContentHidden\" data-wp-class--show=\"state.isContentVisible\" data-wp-init=\"callbacks.setButtonStyles\" data-wp-on--click=\"actions.showLightbox\" data-wp-on--load=\"callbacks.setButtonStyles\" data-wp-on-window--resize=\"callbacks.setButtonStyles\" src=\"https:\/\/aufaxe.de\/wp-content\/uploads\/2021\/09\/Fahrradtra\u0308ger-683x1024.jpg\" alt=\"\" class=\"wp-image-599\" srcset=\"https:\/\/aufaxe.de\/wp-content\/uploads\/2021\/09\/Fahrradtra\u0308ger-683x1024.jpg 683w, https:\/\/aufaxe.de\/wp-content\/uploads\/2021\/09\/Fahrradtra\u0308ger-200x300.jpg 200w, https:\/\/aufaxe.de\/wp-content\/uploads\/2021\/09\/Fahrradtra\u0308ger-768x1152.jpg 768w, https:\/\/aufaxe.de\/wp-content\/uploads\/2021\/09\/Fahrradtra\u0308ger.jpg 800w\" sizes=\"auto, (max-width: 683px) 100vw, 683px\" \/><button\n\t\t\tclass=\"lightbox-trigger\"\n\t\t\ttype=\"button\"\n\t\t\taria-haspopup=\"dialog\"\n\t\t\taria-label=\"Vergr\u00f6\u00dfern\"\n\t\t\tdata-wp-init=\"callbacks.initTriggerButton\"\n\t\t\tdata-wp-on--click=\"actions.showLightbox\"\n\t\t\tdata-wp-style--right=\"state.imageButtonRight\"\n\t\t\tdata-wp-style--top=\"state.imageButtonTop\"\n\t\t>\n\t\t\t<svg xmlns=\"http:\/\/www.w3.org\/2000\/svg\" width=\"12\" height=\"12\" fill=\"none\" viewBox=\"0 0 12 12\">\n\t\t\t\t<path fill=\"#fff\" d=\"M2 0a2 2 0 0 0-2 2v2h1.5V2a.5.5 0 0 1 .5-.5h2V0H2Zm2 10.5H2a.5.5 0 0 1-.5-.5V8H0v2a2 2 0 0 0 2 2h2v-1.5ZM8 12v-1.5h2a.5.5 0 0 0 .5-.5V8H12v2a2 2 0 0 1-2 2H8Zm2-12a2 2 0 0 1 2 2v2h-1.5V2a.5.5 0 0 0-.5-.5H8V0h2Z\" \/>\n\t\t\t<\/svg>\n\t\t<\/button><\/figure>\n<\/div><\/div>\n\n\n\n<div class=\"wp-block-group\"><div class=\"wp-block-group__inner-container is-layout-flow wp-block-group-is-layout-flow\">\n<figure class=\"wp-block-image is-style-rounded\"><img loading=\"lazy\" decoding=\"async\" width=\"800\" height=\"459\" src=\"https:\/\/aufaxe.de\/wp-content\/uploads\/2019\/11\/InnenNachHinten.jpg\" alt=\"\" class=\"wp-image-236\" srcset=\"https:\/\/aufaxe.de\/wp-content\/uploads\/2019\/11\/InnenNachHinten.jpg 800w, https:\/\/aufaxe.de\/wp-content\/uploads\/2019\/11\/InnenNachHinten-300x172.jpg 300w, https:\/\/aufaxe.de\/wp-content\/uploads\/2019\/11\/InnenNachHinten-768x441.jpg 768w\" sizes=\"auto, (max-width: 800px) 100vw, 800px\" \/><\/figure>\n\n\n\n<figure class=\"wp-block-image size-full is-style-rounded\"><img loading=\"lazy\" decoding=\"async\" width=\"508\" height=\"800\" src=\"https:\/\/aufaxe.de\/wp-content\/uploads\/2019\/11\/Bad-1.jpg\" alt=\"\" class=\"wp-image-233\" srcset=\"https:\/\/aufaxe.de\/wp-content\/uploads\/2019\/11\/Bad-1.jpg 508w, https:\/\/aufaxe.de\/wp-content\/uploads\/2019\/11\/Bad-1-191x300.jpg 191w\" sizes=\"auto, (max-width: 508px) 100vw, 508px\" \/><figcaption class=\"wp-element-caption\">Sanit\u00e4rraum  mit Fenster, da kann man den Duschschlauch im Sommer auch mal durchs Fenster reichen und draussen duschen  &#8230;<\/figcaption><\/figure>\n\n\n\n<figure class=\"wp-block-image is-style-rounded\"><img loading=\"lazy\" decoding=\"async\" width=\"450\" height=\"800\" src=\"https:\/\/aufaxe.de\/wp-content\/uploads\/2019\/11\/HaengeSchrank.jpg\" alt=\"\" class=\"wp-image-234\" srcset=\"https:\/\/aufaxe.de\/wp-content\/uploads\/2019\/11\/HaengeSchrank.jpg 450w, https:\/\/aufaxe.de\/wp-content\/uploads\/2019\/11\/HaengeSchrank-169x300.jpg 169w\" sizes=\"auto, (max-width: 450px) 100vw, 450px\" \/><figcaption class=\"wp-element-caption\">Kleider&#8217;schrank&#8216;<\/figcaption><\/figure>\n\n\n\n<figure class=\"wp-block-image is-style-rounded\"><img loading=\"lazy\" decoding=\"async\" width=\"800\" height=\"484\" src=\"https:\/\/aufaxe.de\/wp-content\/uploads\/2019\/11\/HintenInnen.jpg\" alt=\"\" class=\"wp-image-235\" srcset=\"https:\/\/aufaxe.de\/wp-content\/uploads\/2019\/11\/HintenInnen.jpg 800w, https:\/\/aufaxe.de\/wp-content\/uploads\/2019\/11\/HintenInnen-300x182.jpg 300w, https:\/\/aufaxe.de\/wp-content\/uploads\/2019\/11\/HintenInnen-768x465.jpg 768w\" sizes=\"auto, (max-width: 800px) 100vw, 800px\" \/><figcaption class=\"wp-element-caption\">Grosses Doppelbett hinten , ca. 190x140cm<\/figcaption><\/figure>\n\n\n\n<figure class=\"wp-block-image is-style-rounded\"><img loading=\"lazy\" decoding=\"async\" width=\"450\" height=\"800\" src=\"https:\/\/aufaxe.de\/wp-content\/uploads\/2019\/11\/Ku\u0308hliOffenInnen.jpg\" alt=\"\" class=\"wp-image-237\" srcset=\"https:\/\/aufaxe.de\/wp-content\/uploads\/2019\/11\/Ku\u0308hliOffenInnen.jpg 450w, https:\/\/aufaxe.de\/wp-content\/uploads\/2019\/11\/Ku\u0308hliOffenInnen-169x300.jpg 169w\" sizes=\"auto, (max-width: 450px) 100vw, 450px\" \/><figcaption class=\"wp-element-caption\">Kompressorkuehlschrank mit herausnehmbarem Frostfach.<\/figcaption><\/figure>\n\n\n\n<figure class=\"wp-block-image is-style-rounded\"><img loading=\"lazy\" decoding=\"async\" width=\"800\" height=\"459\" src=\"https:\/\/aufaxe.de\/wp-content\/uploads\/2019\/11\/innen01-2.jpg\" alt=\"\" class=\"wp-image-243\" srcset=\"https:\/\/aufaxe.de\/wp-content\/uploads\/2019\/11\/innen01-2.jpg 800w, https:\/\/aufaxe.de\/wp-content\/uploads\/2019\/11\/innen01-2-300x172.jpg 300w, https:\/\/aufaxe.de\/wp-content\/uploads\/2019\/11\/innen01-2-768x441.jpg 768w\" sizes=\"auto, (max-width: 800px) 100vw, 800px\" \/><\/figure>\n\n\n\n<figure class=\"wp-block-image is-style-rounded\"><img loading=\"lazy\" decoding=\"async\" width=\"800\" height=\"554\" src=\"https:\/\/aufaxe.de\/wp-content\/uploads\/2019\/11\/Schiebetu\u0308rRemis.jpg\" alt=\"\" class=\"wp-image-238\" srcset=\"https:\/\/aufaxe.de\/wp-content\/uploads\/2019\/11\/Schiebetu\u0308rRemis.jpg 800w, https:\/\/aufaxe.de\/wp-content\/uploads\/2019\/11\/Schiebetu\u0308rRemis-300x208.jpg 300w, https:\/\/aufaxe.de\/wp-content\/uploads\/2019\/11\/Schiebetu\u0308rRemis-768x532.jpg 768w\" sizes=\"auto, (max-width: 800px) 100vw, 800px\" \/><figcaption class=\"wp-element-caption\">Fliegengitter in der Schiebet\u00fcr und Remis Faltverdunklung im Fahrerhaus<\/figcaption><\/figure>\n\n\n\n<figure class=\"wp-block-image is-style-rounded\"><img loading=\"lazy\" decoding=\"async\" width=\"800\" height=\"450\" src=\"https:\/\/aufaxe.de\/wp-content\/uploads\/2019\/11\/Zusatzbett.jpg\" alt=\"\" class=\"wp-image-239\" srcset=\"https:\/\/aufaxe.de\/wp-content\/uploads\/2019\/11\/Zusatzbett.jpg 800w, https:\/\/aufaxe.de\/wp-content\/uploads\/2019\/11\/Zusatzbett-300x169.jpg 300w, https:\/\/aufaxe.de\/wp-content\/uploads\/2019\/11\/Zusatzbett-768x432.jpg 768w\" sizes=\"auto, (max-width: 800px) 100vw, 800px\" \/><figcaption class=\"wp-element-caption\">3. Bett an der Sitzgruppe als Option<br><\/figcaption><\/figure>\n<\/div><\/div>\n\n\n\n<figure class=\"wp-block-image size-large is-style-rounded\"><img loading=\"lazy\" decoding=\"async\" width=\"1024\" height=\"576\" src=\"https:\/\/aufaxe.de\/wp-content\/uploads\/2019\/11\/kueche-scaled-1024x576.jpg\" alt=\"K\u00fcche Cele Ligth\" class=\"wp-image-242\" srcset=\"https:\/\/aufaxe.de\/wp-content\/uploads\/2019\/11\/kueche-scaled-1024x576.jpg 1024w, https:\/\/aufaxe.de\/wp-content\/uploads\/2019\/11\/kueche-scaled-300x169.jpg 300w, https:\/\/aufaxe.de\/wp-content\/uploads\/2019\/11\/kueche-scaled-768x432.jpg 768w, https:\/\/aufaxe.de\/wp-content\/uploads\/2019\/11\/kueche-scaled-1536x864.jpg 1536w, https:\/\/aufaxe.de\/wp-content\/uploads\/2019\/11\/kueche-scaled-2048x1152.jpg 2048w\" sizes=\"auto, (max-width: 1024px) 100vw, 1024px\" \/><figcaption class=\"wp-element-caption\">2 Flammkocher mit Piezo Z\u00fcndung &#8230;<br><\/figcaption><\/figure>\n\n\n\n<figure class=\"wp-block-image size-large is-style-rounded\"><img loading=\"lazy\" decoding=\"async\" width=\"1024\" height=\"485\" src=\"https:\/\/aufaxe.de\/wp-content\/uploads\/2023\/11\/9Zoll-Navi-1024x485.jpg\" alt=\"9 Zoll Naviceiver\" class=\"wp-image-973\" srcset=\"https:\/\/aufaxe.de\/wp-content\/uploads\/2023\/11\/9Zoll-Navi-1024x485.jpg 1024w, https:\/\/aufaxe.de\/wp-content\/uploads\/2023\/11\/9Zoll-Navi-300x142.jpg 300w, https:\/\/aufaxe.de\/wp-content\/uploads\/2023\/11\/9Zoll-Navi-768x364.jpg 768w, https:\/\/aufaxe.de\/wp-content\/uploads\/2023\/11\/9Zoll-Navi-1536x728.jpg 1536w, https:\/\/aufaxe.de\/wp-content\/uploads\/2023\/11\/9Zoll-Navi-2048x971.jpg 2048w\" sizes=\"auto, (max-width: 1024px) 100vw, 1024px\" \/><\/figure>\n\n\n\n<p>aktueller 9 Zoll Android Naviceiver , mit USB , WLAN, Bluetooth, Navi (on + offline) , Musicplayer usw&#8230;.<\/p>\n","protected":false},"excerpt":{"rendered":"<p>Celebration Light &#8211; Sondermodell des Celebration von Clever. Hier wurde das Celebration Konzept auf das Wesentliche konzentriert und auf unwichtige Details verzichtet. (Metalliclack, Zuziehhilfe f\u00fcr die Schiebet\u00fcr, Hochglanzfronten an den H\u00e4ngeschr\u00e4nken &#8230;) . Den daraus entstehenden Preisvorteil habe ich in das Fahrzeug reinvestiert und aus meiner Sicht wichtige (oder zumindest n\u00fctzliche) Extras investiert. 18 Zoll <a class=\"more-link\" href=\"https:\/\/aufaxe.de\/?page_id=212\">weiterlesen&#8230;<\/a><\/p>\n","protected":false},"author":1,"featured_media":0,"parent":15,"menu_order":0,"comment_status":"closed","ping_status":"closed","template":"","meta":{"footnotes":""},"class_list":["post-212","page","type-page","status-publish","hentry"],"_links":{"self":[{"href":"https:\/\/aufaxe.de\/index.php?rest_route=\/wp\/v2\/pages\/212","targetHints":{"allow":["GET"]}}],"collection":[{"href":"https:\/\/aufaxe.de\/index.php?rest_route=\/wp\/v2\/pages"}],"about":[{"href":"https:\/\/aufaxe.de\/index.php?rest_route=\/wp\/v2\/types\/page"}],"author":[{"embeddable":true,"href":"https:\/\/aufaxe.de\/index.php?rest_route=\/wp\/v2\/users\/1"}],"replies":[{"embeddable":true,"href":"https:\/\/aufaxe.de\/index.php?rest_route=%2Fwp%2Fv2%2Fcomments&post=212"}],"version-history":[{"count":4,"href":"https:\/\/aufaxe.de\/index.php?rest_route=\/wp\/v2\/pages\/212\/revisions"}],"predecessor-version":[{"id":1110,"href":"https:\/\/aufaxe.de\/index.php?rest_route=\/wp\/v2\/pages\/212\/revisions\/1110"}],"up":[{"embeddable":true,"href":"https:\/\/aufaxe.de\/index.php?rest_route=\/wp\/v2\/pages\/15"}],"wp:attachment":[{"href":"https:\/\/aufaxe.de\/index.php?rest_route=%2Fwp%2Fv2%2Fmedia&parent=212"}],"curies":[{"name":"wp","href":"https:\/\/api.w.org\/{rel}","templated":true}]}}