{"id":146,"date":"2019-11-19T17:57:47","date_gmt":"2019-11-19T16:57:47","guid":{"rendered":"http:\/\/tono.goip.de\/WordPress\/?page_id=146"},"modified":"2025-11-09T11:32:45","modified_gmt":"2025-11-09T11:32:45","slug":"saisonzeiten-preise","status":"publish","type":"page","link":"https:\/\/aufaxe.de\/?page_id=146","title":{"rendered":"Saisonzeiten &#038; Preise"},"content":{"rendered":"\n<h3 class=\"wp-block-heading\"><strong>Preise   2026<\/strong><br>&#8212;&#8212;&#8212;&#8212;&#8212;&#8212;&#8212;&#8212;&#8212;&#8212;&#8212;&#8212;&#8212;&#8212;&#8212;&#8212;&#8212;&#8212;-<\/h3>\n\n\n\n<h4 class=\"wp-block-heading\"><strong>Allgemeines<\/strong><\/h4>\n\n\n\n<ul class=\"wp-block-list\">\n<li>Wir vermieten wochenweise von Freitag bis Freitag (bei Verf\u00fcgbarkeit verhandelbar )<\/li>\n\n\n\n<li>Kaution   1000\u20ac zu hinterlegen bei Anmietung in bar oder \u00dcberweisung vor \u00dcbernahme.<\/li>\n\n\n\n<li>Die Fahrzeuge sind&nbsp; als Selbstfahrervermietfahrzeug zugelassen und als solches bei einer renommierten&nbsp; deutschen Versicherung versichert. Haftpflicht Deckung 50 Mio. + Voll\/Teilkasko mit <strong>1000\u20ac Selbstbeteiligung ( je Schadensfall ).<\/strong><\/li>\n\n\n\n<li>Ein Schutzbrief ist im Mietpreis  enthalten.<\/li>\n<\/ul>\n\n\n\n<h4 class=\"wp-block-heading\"><strong>Servicepauschale  ( je Anmietung&nbsp; 135\u20ac ) beinhaltet:<\/strong>  <\/h4>\n\n\n\n<ul class=\"wp-block-list\">\n<li>11kg Propangas &#8211; 1 Flasche (2. gegen Aufpreis m\u00f6glich) &#8211; nicht bei Fahrzeugen mit Dieselheizung)<\/li>\n\n\n\n<li>AdBlue Tank F\u00fcllung<\/li>\n\n\n\n<li>Erstbef\u00fcllung Chemietoilette incl. 1 ltr.  Sanit\u00e4rfl\u00fcssigkeit<\/li>\n\n\n\n<li>\u00dcbergabe (incl. Einweisung und Funktionskontrolle) \/  R\u00fccknahme des Reisemobils<\/li>\n\n\n\n<li> Schutzbrief<\/li>\n<\/ul>\n\n\n\n<h4 class=\"wp-block-heading\"><strong>Reinigungsgeb\u00fchren:<\/strong>  <\/h4>\n\n\n\n<p>Das  Fahrzeug wird&nbsp; gereinigt , entsorgt und  vollgetankt&nbsp; \u00fcbergeben und auch so  zur\u00fcckgenommen.&nbsp; <br>Falls   die Reinigung,  Entsorgung oder  Betankung&nbsp; bei R\u00fcckgabe  vom Vermieter durchzuf\u00fchren ist, werden Geb\u00fchren  erhoben.   Im     Allgemeinen berechnen wir (Mehr- oder Minderaufwand ist  zu beachten) :  <\/p>\n\n\n\n<ul class=\"wp-block-list\">\n<li>Au\u00dfenreinigung :&nbsp;&nbsp; 50 \u20acuro<\/li>\n\n\n\n<li>Innenreinigung&nbsp; :&nbsp;&nbsp;&nbsp; 120 \u20acuro<\/li>\n\n\n\n<li>WC-Reinigung \/ Entleerung   :&nbsp;&nbsp;&nbsp; jeweils 50 \u20acuro  <\/li>\n\n\n\n<li> Betankung                                      :    10 \u20acuro pauschal +&nbsp;  Diesel <br><\/li>\n<\/ul>\n\n\n\n<h4 class=\"wp-block-heading\"><strong>Mietpreise 2026<\/strong><\/h4>\n\n\n\n<figure class=\"wp-block-table\"><table><tbody><tr><td class=\"has-text-align-center\" data-align=\"center\">Datum<\/td><td class=\"has-text-align-center\" data-align=\"center\">Limited 600 + Cleverly 540  <\/td><td class=\"has-text-align-center\" data-align=\"center\">Weinsberg 600 DQ +Etrusco V 6.6 SB +<br>Knaus 500 MQ<\/td><\/tr><tr><td class=\"has-text-align-center\" data-align=\"center\">01.01. &#8211; 01.05.2026<br>(Osterferien +5\u20ac\/Tag)<\/td><td class=\"has-text-align-center\" data-align=\"center\">80<\/td><td class=\"has-text-align-center\" data-align=\"center\">90<\/td><\/tr><tr><td class=\"has-text-align-center\" data-align=\"center\">02.05. &#8211; 09.07.2026<\/td><td class=\"has-text-align-center\" data-align=\"center\">95<\/td><td class=\"has-text-align-center\" data-align=\"center\">105<\/td><\/tr><tr><td class=\"has-text-align-center\" data-align=\"center\">10.07. &#8211; 21.08.2026<\/td><td class=\"has-text-align-center\" data-align=\"center\">110<\/td><td class=\"has-text-align-center\" data-align=\"center\">120<\/td><\/tr><tr><td class=\"has-text-align-center\" data-align=\"center\">22.08. -31.09.2026<\/td><td class=\"has-text-align-center\" data-align=\"center\">90<\/td><td class=\"has-text-align-center\" data-align=\"center\">100<\/td><\/tr><tr><td class=\"has-text-align-center\" data-align=\"center\">01.10 &#8211; 31.12.2026<br>(Herbstferien +5\u20ac)<\/td><td class=\"has-text-align-center\" data-align=\"center\">80<\/td><td class=\"has-text-align-center\" data-align=\"center\">90<\/td><\/tr><\/tbody><\/table><figcaption class=\"wp-element-caption\">Mietpreistabelle 2026<\/figcaption><\/figure>\n\n\n\n<p><\/p>\n\n\n\n<p>Die  angegebenen Preise sind Richtwerte f\u00fcr eine  Anmietung von mind. 7 Tagen und unverbindlich.&nbsp; Sie  enthalten als Kalkulationsgrundlage 250 frei km \/ Tag.&nbsp; <\/p>\n\n\n\n<p>Um einen m\u00f6glichst g\u00fcnstigen Preis kalkulieren zu k\u00f6nnen, ist es hilfreich wenn sie mir Reiseziel und &nbsp;die zu erwartende Fahrstrecke mitteilen w\u00fcrden. &nbsp; <\/p>\n\n\n\n<p>Sonderpreise bei Buchungsl\u00fccken speziell   in der Nebensaison auf Anfrage. <\/p>\n\n\n\n<p><\/p>\n\n\n\n<div class=\"wp-block-group\"><div class=\"wp-block-group__inner-container is-layout-flow wp-block-group-is-layout-flow\">\n<div class=\"wp-block-group\"><div class=\"wp-block-group__inner-container is-layout-flow wp-block-group-is-layout-flow\">\n<div class=\"wp-block-group\"><div class=\"wp-block-group__inner-container is-layout-flow wp-block-group-is-layout-flow\">\n<div class=\"wp-block-group\"><div class=\"wp-block-group__inner-container is-layout-flow wp-block-group-is-layout-flow\"><\/div><\/div>\n<\/div><\/div>\n<\/div><\/div>\n<\/div><\/div>\n","protected":false},"excerpt":{"rendered":"<p>Preise 2026&#8212;&#8212;&#8212;&#8212;&#8212;&#8212;&#8212;&#8212;&#8212;&#8212;&#8212;&#8212;&#8212;&#8212;&#8212;&#8212;&#8212;&#8212;- Allgemeines Servicepauschale ( je Anmietung&nbsp; 135\u20ac ) beinhaltet: Reinigungsgeb\u00fchren: Das Fahrzeug wird&nbsp; gereinigt , entsorgt und vollgetankt&nbsp; \u00fcbergeben und auch so zur\u00fcckgenommen.&nbsp; Falls die Reinigung, Entsorgung oder Betankung&nbsp; bei R\u00fcckgabe vom Vermieter durchzuf\u00fchren ist, werden Geb\u00fchren erhoben. Im Allgemeinen berechnen wir (Mehr- oder Minderaufwand ist zu beachten) : Mietpreise 2026 Datum Limited 600 <a class=\"more-link\" href=\"https:\/\/aufaxe.de\/?page_id=146\">weiterlesen&#8230;<\/a><\/p>\n","protected":false},"author":1,"featured_media":0,"parent":0,"menu_order":0,"comment_status":"closed","ping_status":"closed","template":"","meta":{"footnotes":""},"class_list":["post-146","page","type-page","status-publish","hentry"],"_links":{"self":[{"href":"https:\/\/aufaxe.de\/index.php?rest_route=\/wp\/v2\/pages\/146","targetHints":{"allow":["GET"]}}],"collection":[{"href":"https:\/\/aufaxe.de\/index.php?rest_route=\/wp\/v2\/pages"}],"about":[{"href":"https:\/\/aufaxe.de\/index.php?rest_route=\/wp\/v2\/types\/page"}],"author":[{"embeddable":true,"href":"https:\/\/aufaxe.de\/index.php?rest_route=\/wp\/v2\/users\/1"}],"replies":[{"embeddable":true,"href":"https:\/\/aufaxe.de\/index.php?rest_route=%2Fwp%2Fv2%2Fcomments&post=146"}],"version-history":[{"count":27,"href":"https:\/\/aufaxe.de\/index.php?rest_route=\/wp\/v2\/pages\/146\/revisions"}],"predecessor-version":[{"id":1456,"href":"https:\/\/aufaxe.de\/index.php?rest_route=\/wp\/v2\/pages\/146\/revisions\/1456"}],"wp:attachment":[{"href":"https:\/\/aufaxe.de\/index.php?rest_route=%2Fwp%2Fv2%2Fmedia&parent=146"}],"curies":[{"name":"wp","href":"https:\/\/api.w.org\/{rel}","templated":true}]}}