{"id":130,"date":"2019-11-19T16:45:28","date_gmt":"2019-11-19T15:45:28","guid":{"rendered":"http:\/\/tono.goip.de\/WordPress\/?page_id=130"},"modified":"2024-12-28T11:47:48","modified_gmt":"2024-12-28T11:47:48","slug":"mietbedigungen","status":"publish","type":"page","link":"https:\/\/aufaxe.de\/?page_id=130","title":{"rendered":"Mietbedingungen"},"content":{"rendered":"\n<figure class=\"wp-block-table\"><table><tbody><tr><td>Mietbedingungen<\/td><\/tr><tr><td>&nbsp;Wir wissen, dass sie mit dem Mietmobil sorgf\u00e4ltig umgehen wie sie es mit Ihrem Eigentum auch tun w\u00fcrden. Im Gegenzug bieten wir ein neuwertiges Fahrzeug , knapp kalkulierte Preise und eine faire Abwicklung.&nbsp;  Mit \u00dcbergabe des Fahrzeuges, werden wir eine Einweisung durchf\u00fchren und nach einer gemeinsamen Funktions- und Zustandskontrolle evtl. M\u00e4ngel im Mietvertrag festhalten. Bei R\u00fcckgabe des Fahrzeuges sollte dieser dokumentierte Zustand wieder vorhanden sein. &nbsp;         <\/td><\/tr><tr><td>Berechtigte Fahrer<br>\n\n\n\n      <\/td><\/tr><tr><td>Das\nim Vertrag bezeichnete Fahrzeug darf nur von den im &nbsp;Mietvertrag\nangegebenen Personen gefahren werden. Jeder Fahrer muss mindestens 23\nJahre alt und seit wenigstens 3 Jahren&nbsp; im Besitz der f\u00fcr das\nFahrzeug notwendigen Fahrerlaubnis (Kl. 3 da z.GG. &lt; 3.5t ) sein.<br>\n\n\n\n      <br>\n\n\n\n      <\/td><\/tr><tr><td>Nutzungseinschr\u00e4nkungen<br>\n\n\n\n      <\/td><\/tr><tr><td>Bei\ndem Fahrzeug handelt es sich um ein Nichtraucherfahrzeug, es darf somit\nw\u00e4hrend der gesamten Mietdauer nicht im Fahrzeug geraucht werden\n(weder im Aufbau noch im Fahrerhaus, auch nicht bei ge\u00f6ffnetem\nFenster ). Bei Zuwiderhandlungen &nbsp;wird eine Reiningungspauschale\nin Hoehe von pauschal 250\u20ac f\u00e4llig.<br>\n\n\n\n      <br>\n\n\n\nDie Mitnahme &nbsp;von &nbsp;Haustieren bedarf der schriftlichen\nZustimmung des Vermieters im Mietvertrag !<br>\n\n\n\n      <br>\n\n\n\nDas Mietfahrzeug darf nicht zu folgenden Zwecken verwendet werden: <br>\n\n\n\nTeilnahme an motorsportlichen Veranstaltungen <br>\n\n\n\nBegehung von Zoll- und sonstigen Straftaten &nbsp; <br>\n\n\n\nWeitervermietung und Verleih <br>\n\n\n\nAbschleppen von Fahrzeugen<br>\n\n\n\n      <br>\n\n\n\n      <br>\n\n\n\n      <\/td><\/tr><tr><td> \nHaftung des Mieters <br>\n\n\n\n       <\/td><\/tr><tr><td>Sch\u00e4den, die\nw\u00e4hrend der Mietzeit bei vertragsm\u00e4\u00dfiger Nutzung\nentstehen und nicht dem normalen Verschleiss zuzurechnen sind,\ntr\u00e4gt der Mieter jeweils nur in H\u00f6he der Selbstbeteiligung,\ndie sich aus der vertraglich vereinbarten Teil-\/Vollkaskoversicherung\nergeben. &nbsp;<br>\n\n\n\n      <br>\n\n\n\nDer Mieter haftet jedoch f\u00fcr Sch\u00e4den unbeschr\u00e4nkt,\nsoweit der Versicherer nicht leistet, insbesondere weil der Mieter oder\nder Fahrer den Schaden durch Vorsatz oder grobe Fahrl\u00e4ssigkeit\nherbeigef\u00fchrt hat oder der Schaden durch alkohol- oder\ndrogenbedingte Fahrunt\u00fcchtigkeit entstanden ist oder der\nSchaden\/die Schadensenstehung nicht ausreichend nachweisbar ist&nbsp;\n(jeden Schaden &#8211; auch selbstverschuldete Kaskosch\u00e4den &#8211; von der\nPolizei aufnehmen lassen und dokumentieren (Fotos, unbeteiligte Zeugen\n! )).<br>\n\n\n\n      <br>\n\n\n\nDies gilt auch f\u00fcr Sch\u00e4den, die durch Nichtbeachten der\nDurchfahrtsh\u00f6he verursacht werden, beziehungsweise die\naus der Nichtbeachtung der Fahrzeugabmessung (Fahrzeugh\u00f6he und\nFahrzeugbreite) beruhen, auf unsachgem\u00e4\u00dfes Be- und Entladen\nbeziehungsweise auf das Ladegut zur\u00fcckzuf\u00fchren sind oder\ndurch R\u00fcckw\u00e4rtsfahren ohne Anweisung entstanden sind. <br>\n\n\n\n      <br>\n\n\n\nHat der Mieter Unfallflucht begangen oder seine vertraglichen Pflichten\nverletzt, so haftet er ebenfalls voll, es sei denn, die\nVerletzung hat keinen Einfluss auf die Regulierung des Schadensfalles. <br>\n\n\n\n      <br>\n\n\n\nDer Mieter haftet in vollem Umfang, f\u00fcr im &nbsp;Mietzeitraum mit\ndem Mietfahrzeug begangene Verkehrsverst\u00f6sse, sowie fuer sonstige\nzivilrechtliche Verst\u00f6sse im Zusammenhang mit dem Mietfahrzeug\n(z.B. &#8218;wild`campen) . Der &nbsp;Vermieter ist berechtigt die f\u00fcr\ndie Verfolgung solcher &nbsp;Verst\u00f6sse ben\u00f6tigten Daten, an\ndie verfolgende Beh\u00f6rde (auch im Ausland ) weiterzugeben.<br>\n\n\n\n      <br>\n\n\n\n      <\/td><\/tr><tr><td>\nHaftung des Vermieters<br>\n\n\n\n       <\/td><\/tr><tr><td>Der Vermieter haftet\nf\u00fcr alle dem Mieter schuldhaft zugef\u00fcgten Sch\u00e4den, so\nweit Deckung im Rahmen der f\u00fcr das WoMo abgeschlossenen\nKraftfahrzeughaftpflichtversicherung besteht. <br>\n\n\n\nF\u00fcr durch die Versicherung nicht gedeckte Sch\u00e4den haftet der\nVermieter bei Vorsatz und grober Fahrl\u00e4ssigkeit. <br>\n\n\n\nBei leichter Fahrl\u00e4ssigkeit haftet der Vermieter nur bei\nVerletzung wesentlicher, auf die Erf\u00fcllung des Vertragszwecks\nbezogener Pflichten sowie f\u00fcr Umst\u00e4nde, die Gefahren f\u00fcr\nwesentliche Rechtsg\u00fcter wie Leben oder Gesundheit ausl\u00f6sen,\nhier beschr\u00e4nkt auf das Zehnfache des vereinbarten\nNettomietzinses. <br>\n\n\n\n      <br>\n\n\n\nIm Falle des Nutzungsaufalls des Mietfahrzeugs (zu Beginn oder waehrend\ndes Mietzeitraums) wird dem Mieter der&nbsp; f\u00fcr diesen Zeitraum\nbezahlte Mietzins erstattet. F\u00fcr dar\u00fcber hinaus gehende\nForderungen , haftet der Vermieter nur bei Vorsatz und grober\nFahrl\u00e4ssigkeit.<br>\n\n\n\n      <br>\n\n\n\nDer Vermieter ist dann nicht mehr zur Verwahrung von Gegenst\u00e4nden\nverpflichtet, die der Mieter bei Abgabe im WoMo zur\u00fcckl\u00e4sst,\nwenn er zuvor den Mieter zur Abholung der Sachen binnen einer Frist von\n14 Tagen ab Erhalt des Schreibens aufgefordert hat und ihn darauf\nhingewiesen hat, dass der Vermieter nach Ablauf der Frist nicht mehr\nzur Verwahrung verpflichtet ist und die Gegenst\u00e4nde vernichten\nkann. <br>\n\n\n\n      <br>\n\n\n\n       <\/td><\/tr><tr><td>Wartung\n&amp; Reparaturen<br>\n\n\n\n       <\/td><\/tr><tr><td>Reparaturen aller Art an\ndem Reisemobil darf der Mieter nur im Einvernehmen mit dem Vermieter\nausf\u00fchren lassen.&nbsp; <br>\n\n\n\n      Vor jeder Reparatur ist &nbsp;zu pr\u00fcfen ob diese\naus Leistungen bestehender Garantie geleistet werden.<br>\n\n\n\n      Anderenfalls\nist der Vermieter zur \u00dcbernahme\nder Reparaturkosten nicht verpflichtet. <br>\n\n\n\nDie Reparaturkosten werden gegen Vorlage der entsprechenden\nOriginalbelege sowie der ausgetauschten Teile, soweit der Mieter nicht\nf\u00fcr den Schaden haftet, vom Vermieter erstattet. <br>\n\n\n\n      <br>\n\n\n\n       <\/td><\/tr><tr><td><strong>Verhalten bei Unf\u00e4llen<\/strong><br>\n\n\n\n       <\/td><\/tr><tr><td>  Der Mieter mu\u00df\nnach einem Unfall-, Brand-, Wild-, oder sonstigem Schaden\nunverz\u00fcglich die Polizei verst\u00e4ndigen und den Schaden\naufnehmen lassen. Das gilt auch bei selbstverschuldeten\nUnf\u00e4llen\/Sch\u00e4den ohne Beteiligung Dritter. Es ist dem Mieter\nuntersagt gegnerische Anspr\u00fcche anzuerkennen. Der Mieter muss den\nVermieter unverz\u00fcglich kontaktieren und das weitere Vorgehen\nabsprechen,\nsowie einen schriftlichen Bericht (incl. Skizze) anfertigen. In diesem\nm\u00fcssen Namen und Anschriften aller am Unfall beteiligten\nPersonen\/Zeugen,\nsowie die Kennzeichen aller beteiligten Fahrzeuge enthalten sein.<br>\n\n\n\n      <br>\n\n\n\n      <br>\n\n\n\n      <\/td><\/tr><tr><td>Kaution<\/td><\/tr><tr><td>Bei\n\u00dcbergabe mu\u00df f\u00fcr das Wohnmobil eine Kaution in\nH\u00f6he von \u20ac 1000&nbsp; in bar hinterlegt werden . Die Kaution wird\nim Mietvertrag zusammen mit dem Zustand des Fahrzeugs best\u00e4tigt.\nWird das Fahrzeug unbesch\u00e4digt und wie vereinbart gereinigt,\nentsorgt und betankt zur\u00fcckgebracht, wird&nbsp; die Kaution&nbsp;\nwie erhalten&nbsp; zur\u00fcckerstattet. <br>\n\n\n\nDer Vermieter ist berechtigt&nbsp; Nachzahlungen f\u00fcr\nversp\u00e4tete R\u00fcckgabe, Endreinigungskosten und\nsonstige Anpr\u00fcche gegen den Mieter (auch aus der Selbstbeteiligung\nbei Kaskosch\u00e4den)&nbsp; mit der Kaution zu verrechnen.<br>\n\n\n\n      <br>\n\n\n\n      <\/td><\/tr><tr><td>\u00dcbergabe\nund R\u00fccknahme<\/td><\/tr><tr><td>Das Fahrzeug kann ab 15:00 \u00fcbernommen werden. Die R\u00fcckgabe erfolgt am letzten Miettag bis 11:00 Uhr. Unter diesen Bedingungen z\u00e4hlen \u00dcbernahme- und R\u00fcckgabetag als ein Miettag.\u00a0\u00a0 Abweichungen von dieser Regelung sind m\u00f6glich,\u00a0 bed\u00fcrfen aber der Zustimmung des Vermieters. <br> \u00a0<br> Bei Fahrzeugr\u00fcckgabe vor Ablauf der vereinbarten Mietzeit ist der volle Mietpreis laut Vertrag zu zahlen. In F\u00e4llen versp\u00e4teter R\u00fcckgabe, \u00a0werden pro angefangene Stunde 25 \u20acuro , ab der vierten Stunde der doppelte Mietpreis lt. Preisliste je Versp\u00e4tungstag berechnet. Die Geltenmachung eines weiteren Schadens (z.B. Schadensersatzanspr\u00fcche eines Nachmieters) beh\u00e4lt sich der Vermieter vor. \u00a0<br> <br> Das Fahrzeug wird gereinigt, entsorgt und vollgetankt \u00fcbergeben und auch so zur\u00fcckgenommen. Falls die Reinigung\/Entsorgung\/Betankung vom vermeiter durchzuf\u00fchren ist werden Geb\u00fchren erhoben:<br> <br> Aussenreinigung: 50 \u20ac \u00a0 \u00a0 \u00a0 \u00a0 \u00a0 \u00a0 \u00a0 \u00a0 \u00a0 \u00a0 \u00a0 \u00a0 \u00a0 \u00a0 \u00a0 \u00a0      \u00a0Innenreinigung: \u00a080\u20ac<br> WC-Reinigung\/Entleerung: je 50\u20ac \u00a0 \u00a0 \u00a0 \u00a0 \u00a0 \u00a0 \u00a0 \u00a0 \u00a0 \u00a0 <br> Betankung: 10\u20ac pauschal + Tagespreis f\u00fcr MIndermenge Diesel<br> <br><\/td><\/tr><tr><td>Reservierungen<\/td><\/tr><tr><td>Sie\nk\u00f6nnen&nbsp; Ihr Reisemobil&nbsp;&nbsp; pers\u00f6nlich,&nbsp; per\ne-mail oder telefonisch reservieren. <br>\n\n\n\n      Sofern der\ngew\u00fcnschte Miettermin noch verf\u00fcgbar ist, wird aufAxe.de\nReisemobile das Fahrzeug f\u00fcr diesen Zeitraum, f\u00fcr 7 Tage ,\nf\u00fcr beide Parteien unverbindlich reservieren.&nbsp;&nbsp; In\ndiesem Zeitraum sollte ein schrftlicher Mietvertrag abgeschlossen\nwerden, wobei eine Anzahlung f\u00e4llig wird.<br>\n\n\n\n      <br>\n\n\n\n        <\/td><\/tr><tr><td>Zahlungsbedingungen<\/td><\/tr><tr><td>Bei\nAbschlu\u00df des\nMietvertraqes ist eine&nbsp; Anzahlung f\u00e4llig &nbsp;(H\u00f6he\nsiehe Mietvertrag) f\u00e4llig. Der Restbetrag ist 21 Tage vor\nMietbeginn,&nbsp; zu bezahlen .&nbsp; &nbsp; Ein Zahlungsr\u00fcckstand\nauf diesen Termin von mehr als 7 Tagen, ohne schriftliches\nEinverst\u00e4ndnis des Vermieters , gilt als R\u00fccktritt vom\nVertrag durch den Mieter.&nbsp;\n      \n      \n\n       \n      \n      \n      \n      R\u00fccktrittsgeb\u00fchren in % von der\nGesamtmietsumme lt. Mietvertrag :&nbsp;<br>\n\n      <br>\n\n\n\n      bis 30 Tage\nvor erstem Miettag 25% <br>\n\n\n\n      bis 14 Tage\nvor erstem Miettag 50% <br>\n\n\n\n      weniger als\n14 Tage vor erstem Miettag 90%. \n\n\n\n       \n      \n      \n      \n      Der R\u00fccktritt mu\u00df schriftlich erfolgen und muss vom Vermieter schriftlich anerkannt werden.<br>\n\n\n\n      Der Vermieter als\nEinzelfirma b\u00fcrgt&nbsp; f\u00fcr die Sicherheit der Anzahlung bzw.\nder Mietsumme .<br>\n\n\n\n      \n\n\n\n       <\/td><\/tr><tr><td>Auslandsfahrten<\/td><\/tr><tr><td>Erlaubt\nsind Fahrten in folgende L\u00e4nder: \u00d6sterreich, Holland,\nBelgien, Luxemburg,Frankreich, Italien, Spanien, Monaco, D\u00e4nemark,\nSchweden, Norwegen und die Schweiz. &nbsp;F\u00fcr alle anderen\nFahrtziele ist die Zustimmung des Vermieters schriftlich im Mietvertrag\nfestzuhalten. F\u00fcr die Einhaltung der Pass-, Visa-, Zoll-,\nDevisen-, und Strassenverkehrsrechtbestimmungen in diesen L\u00e4ndern\nist der Mieter selbst verantwortlich.<br>\n\n\n\n      <br>\n\n\n\n      <\/td><\/tr><tr><td> Gerichtstand<br>\n\n\n\n       <\/td><\/tr><tr><td>                            <br> Im Falle von Streitigkeiten aus oder \u00fcber diesen Vertrag erkl\u00e4ren sich beide Parteien mit einem aussergerichtlichen Schlichtungsversuch durch eine \u00f6ffentlich anerkannte Schlichtungsstelle einverstanden. Erst nach Scheitern dieses Schlichtungsversuchs ist der Rechtsweg zul\u00e4ssig. F\u00fcr alle Streitigkeiten aus oder \u00fcber diesen Vertrag gilt Berlin als Gerichtsstand vereinbart .       <\/td><\/tr><\/tbody><\/table><\/figure>\n","protected":false},"excerpt":{"rendered":"<p>Mietbedingungen &nbsp;Wir wissen, dass sie mit dem Mietmobil sorgf\u00e4ltig umgehen wie sie es mit Ihrem Eigentum auch tun w\u00fcrden. Im Gegenzug bieten wir ein neuwertiges Fahrzeug , knapp kalkulierte Preise und eine faire Abwicklung.&nbsp; Mit \u00dcbergabe des Fahrzeuges, werden wir eine Einweisung durchf\u00fchren und nach einer gemeinsamen Funktions- und Zustandskontrolle evtl. M\u00e4ngel im Mietvertrag festhalten. <a class=\"more-link\" href=\"https:\/\/aufaxe.de\/?page_id=130\">weiterlesen&#8230;<\/a><\/p>\n","protected":false},"author":1,"featured_media":0,"parent":0,"menu_order":0,"comment_status":"closed","ping_status":"closed","template":"","meta":{"footnotes":""},"class_list":["post-130","page","type-page","status-publish","hentry"],"_links":{"self":[{"href":"https:\/\/aufaxe.de\/index.php?rest_route=\/wp\/v2\/pages\/130","targetHints":{"allow":["GET"]}}],"collection":[{"href":"https:\/\/aufaxe.de\/index.php?rest_route=\/wp\/v2\/pages"}],"about":[{"href":"https:\/\/aufaxe.de\/index.php?rest_route=\/wp\/v2\/types\/page"}],"author":[{"embeddable":true,"href":"https:\/\/aufaxe.de\/index.php?rest_route=\/wp\/v2\/users\/1"}],"replies":[{"embeddable":true,"href":"https:\/\/aufaxe.de\/index.php?rest_route=%2Fwp%2Fv2%2Fcomments&post=130"}],"version-history":[{"count":4,"href":"https:\/\/aufaxe.de\/index.php?rest_route=\/wp\/v2\/pages\/130\/revisions"}],"predecessor-version":[{"id":1267,"href":"https:\/\/aufaxe.de\/index.php?rest_route=\/wp\/v2\/pages\/130\/revisions\/1267"}],"wp:attachment":[{"href":"https:\/\/aufaxe.de\/index.php?rest_route=%2Fwp%2Fv2%2Fmedia&parent=130"}],"curies":[{"name":"wp","href":"https:\/\/api.w.org\/{rel}","templated":true}]}}