{"id":1137,"date":"2024-06-05T21:20:58","date_gmt":"2024-06-05T21:20:58","guid":{"rendered":"https:\/\/aufaxe.de\/?page_id=1137"},"modified":"2025-06-19T22:02:36","modified_gmt":"2025-06-19T22:02:36","slug":"etrusco-v-6-6-sb","status":"publish","type":"page","link":"https:\/\/aufaxe.de\/?page_id=1137","title":{"rendered":"Etrusco V 6.6 SB"},"content":{"rendered":"\n<p>Immer wieder von Mietern nachgefragt, ein Teilintegrierter mit L\u00e4ngsbetten.<br><br>Ein schmaler Aufbau mit 214cm Breite (das ist nur wenige cm breiter als ein Kastenwagen) mit 6,65mtr L\u00e4nge , auf dem kurzen Radstand Fiat Ducato 8, ergibt ein \u00e4usserst komfortables Fahrzeug , welches immer noch handlich und \u00fcbersichtlich bleibt.<br><br>Die L\u00e4ngsbetten hinten lassen sich einfach zu einer grossen Liegewiese umbauen, damit sind 2 bzw. 3 komfortable Schlafpl\u00e4tze realisierbar. Einen 4ten Schlafplatz gibt es vorn in der Sitzgruppe, oder hinten auf der 2x2mtr. grossen Liegewiese.<br> Auch hier wieder eine Solaranlage und Batteriecomputer (Tankuhr f\u00fcr den Aufbauakku \ud83d\ude09 ) verbaut, wer im Sommer keine 230V ben\u00f6tigt, sollt edamit 2-3 Tage beqeum auch ohne Landstrom stehen k\u00f6nnen.<\/p>\n\n\n\n<figure class=\"wp-block-gallery has-nested-images columns-default is-cropped wp-block-gallery-1 is-layout-flex wp-block-gallery-is-layout-flex\">\n<figure data-wp-context=\"{&quot;imageId&quot;:&quot;69f435eeb91a7&quot;}\" data-wp-interactive=\"core\/image\" data-wp-key=\"69f435eeb91a7\" class=\"wp-block-image size-large wp-lightbox-container\"><img loading=\"lazy\" decoding=\"async\" width=\"1024\" height=\"437\" data-wp-class--hide=\"state.isContentHidden\" data-wp-class--show=\"state.isContentVisible\" data-wp-init=\"callbacks.setButtonStyles\" data-wp-on--click=\"actions.showLightbox\" data-wp-on--load=\"callbacks.setButtonStyles\" data-wp-on-window--resize=\"callbacks.setButtonStyles\" data-id=\"1139\" src=\"https:\/\/aufaxe.de\/wp-content\/uploads\/2024\/06\/Unbenannt-1-1024x437.jpg\" alt=\"\" class=\"wp-image-1139\" srcset=\"https:\/\/aufaxe.de\/wp-content\/uploads\/2024\/06\/Unbenannt-1-1024x437.jpg 1024w, https:\/\/aufaxe.de\/wp-content\/uploads\/2024\/06\/Unbenannt-1-300x128.jpg 300w, https:\/\/aufaxe.de\/wp-content\/uploads\/2024\/06\/Unbenannt-1-768x328.jpg 768w, https:\/\/aufaxe.de\/wp-content\/uploads\/2024\/06\/Unbenannt-1-1536x656.jpg 1536w, https:\/\/aufaxe.de\/wp-content\/uploads\/2024\/06\/Unbenannt-1-2048x875.jpg 2048w\" sizes=\"auto, (max-width: 1024px) 100vw, 1024px\" \/><button\n\t\t\tclass=\"lightbox-trigger\"\n\t\t\ttype=\"button\"\n\t\t\taria-haspopup=\"dialog\"\n\t\t\taria-label=\"Vergr\u00f6\u00dfern\"\n\t\t\tdata-wp-init=\"callbacks.initTriggerButton\"\n\t\t\tdata-wp-on--click=\"actions.showLightbox\"\n\t\t\tdata-wp-style--right=\"state.imageButtonRight\"\n\t\t\tdata-wp-style--top=\"state.imageButtonTop\"\n\t\t>\n\t\t\t<svg xmlns=\"http:\/\/www.w3.org\/2000\/svg\" width=\"12\" height=\"12\" fill=\"none\" viewBox=\"0 0 12 12\">\n\t\t\t\t<path fill=\"#fff\" d=\"M2 0a2 2 0 0 0-2 2v2h1.5V2a.5.5 0 0 1 .5-.5h2V0H2Zm2 10.5H2a.5.5 0 0 1-.5-.5V8H0v2a2 2 0 0 0 2 2h2v-1.5ZM8 12v-1.5h2a.5.5 0 0 0 .5-.5V8H12v2a2 2 0 0 1-2 2H8Zm2-12a2 2 0 0 1 2 2v2h-1.5V2a.5.5 0 0 0-.5-.5H8V0h2Z\" \/>\n\t\t\t<\/svg>\n\t\t<\/button><\/figure>\n<\/figure>\n\n\n\n<figure class=\"wp-block-gallery has-nested-images columns-default is-cropped wp-block-gallery-2 is-layout-flex wp-block-gallery-is-layout-flex\">\n<figure data-wp-context=\"{&quot;imageId&quot;:&quot;69f435eeb9f03&quot;}\" data-wp-interactive=\"core\/image\" data-wp-key=\"69f435eeb9f03\" class=\"wp-block-image size-large wp-lightbox-container\"><img loading=\"lazy\" decoding=\"async\" width=\"1024\" height=\"604\" data-wp-class--hide=\"state.isContentHidden\" data-wp-class--show=\"state.isContentVisible\" data-wp-init=\"callbacks.setButtonStyles\" data-wp-on--click=\"actions.showLightbox\" data-wp-on--load=\"callbacks.setButtonStyles\" data-wp-on-window--resize=\"callbacks.setButtonStyles\" data-id=\"1371\" src=\"https:\/\/aufaxe.de\/wp-content\/uploads\/2025\/06\/82-SR-mitGarage-1024x604.jpeg\" alt=\"\" class=\"wp-image-1371\" srcset=\"https:\/\/aufaxe.de\/wp-content\/uploads\/2025\/06\/82-SR-mitGarage-1024x604.jpeg 1024w, https:\/\/aufaxe.de\/wp-content\/uploads\/2025\/06\/82-SR-mitGarage-300x177.jpeg 300w, https:\/\/aufaxe.de\/wp-content\/uploads\/2025\/06\/82-SR-mitGarage-768x453.jpeg 768w, https:\/\/aufaxe.de\/wp-content\/uploads\/2025\/06\/82-SR-mitGarage-1536x905.jpeg 1536w, https:\/\/aufaxe.de\/wp-content\/uploads\/2025\/06\/82-SR-mitGarage.jpeg 1600w\" sizes=\"auto, (max-width: 1024px) 100vw, 1024px\" \/><button\n\t\t\tclass=\"lightbox-trigger\"\n\t\t\ttype=\"button\"\n\t\t\taria-haspopup=\"dialog\"\n\t\t\taria-label=\"Vergr\u00f6\u00dfern\"\n\t\t\tdata-wp-init=\"callbacks.initTriggerButton\"\n\t\t\tdata-wp-on--click=\"actions.showLightbox\"\n\t\t\tdata-wp-style--right=\"state.imageButtonRight\"\n\t\t\tdata-wp-style--top=\"state.imageButtonTop\"\n\t\t>\n\t\t\t<svg xmlns=\"http:\/\/www.w3.org\/2000\/svg\" width=\"12\" height=\"12\" fill=\"none\" viewBox=\"0 0 12 12\">\n\t\t\t\t<path fill=\"#fff\" d=\"M2 0a2 2 0 0 0-2 2v2h1.5V2a.5.5 0 0 1 .5-.5h2V0H2Zm2 10.5H2a.5.5 0 0 1-.5-.5V8H0v2a2 2 0 0 0 2 2h2v-1.5ZM8 12v-1.5h2a.5.5 0 0 0 .5-.5V8H12v2a2 2 0 0 1-2 2H8Zm2-12a2 2 0 0 1 2 2v2h-1.5V2a.5.5 0 0 0-.5-.5H8V0h2Z\" \/>\n\t\t\t<\/svg>\n\t\t<\/button><\/figure>\n\n\n\n<figure data-wp-context=\"{&quot;imageId&quot;:&quot;69f435eeba3d9&quot;}\" data-wp-interactive=\"core\/image\" data-wp-key=\"69f435eeba3d9\" class=\"wp-block-image size-large wp-lightbox-container\"><img loading=\"lazy\" decoding=\"async\" width=\"1024\" height=\"620\" data-wp-class--hide=\"state.isContentHidden\" data-wp-class--show=\"state.isContentVisible\" data-wp-init=\"callbacks.setButtonStyles\" data-wp-on--click=\"actions.showLightbox\" data-wp-on--load=\"callbacks.setButtonStyles\" data-wp-on-window--resize=\"callbacks.setButtonStyles\" data-id=\"1364\" src=\"https:\/\/aufaxe.de\/wp-content\/uploads\/2025\/06\/1-HR-mitMarkise-1024x620.jpg\" alt=\"\" class=\"wp-image-1364\" srcset=\"https:\/\/aufaxe.de\/wp-content\/uploads\/2025\/06\/1-HR-mitMarkise-1024x620.jpg 1024w, https:\/\/aufaxe.de\/wp-content\/uploads\/2025\/06\/1-HR-mitMarkise-300x182.jpg 300w, https:\/\/aufaxe.de\/wp-content\/uploads\/2025\/06\/1-HR-mitMarkise-768x465.jpg 768w, https:\/\/aufaxe.de\/wp-content\/uploads\/2025\/06\/1-HR-mitMarkise-1536x929.jpg 1536w, https:\/\/aufaxe.de\/wp-content\/uploads\/2025\/06\/1-HR-mitMarkise.jpg 1600w\" sizes=\"auto, (max-width: 1024px) 100vw, 1024px\" \/><button\n\t\t\tclass=\"lightbox-trigger\"\n\t\t\ttype=\"button\"\n\t\t\taria-haspopup=\"dialog\"\n\t\t\taria-label=\"Vergr\u00f6\u00dfern\"\n\t\t\tdata-wp-init=\"callbacks.initTriggerButton\"\n\t\t\tdata-wp-on--click=\"actions.showLightbox\"\n\t\t\tdata-wp-style--right=\"state.imageButtonRight\"\n\t\t\tdata-wp-style--top=\"state.imageButtonTop\"\n\t\t>\n\t\t\t<svg xmlns=\"http:\/\/www.w3.org\/2000\/svg\" width=\"12\" height=\"12\" fill=\"none\" viewBox=\"0 0 12 12\">\n\t\t\t\t<path fill=\"#fff\" d=\"M2 0a2 2 0 0 0-2 2v2h1.5V2a.5.5 0 0 1 .5-.5h2V0H2Zm2 10.5H2a.5.5 0 0 1-.5-.5V8H0v2a2 2 0 0 0 2 2h2v-1.5ZM8 12v-1.5h2a.5.5 0 0 0 .5-.5V8H12v2a2 2 0 0 1-2 2H8Zm2-12a2 2 0 0 1 2 2v2h-1.5V2a.5.5 0 0 0-.5-.5H8V0h2Z\" \/>\n\t\t\t<\/svg>\n\t\t<\/button><\/figure>\n\n\n\n<figure data-wp-context=\"{&quot;imageId&quot;:&quot;69f435eeba90d&quot;}\" data-wp-interactive=\"core\/image\" data-wp-key=\"69f435eeba90d\" class=\"wp-block-image size-large wp-lightbox-container\"><img loading=\"lazy\" decoding=\"async\" width=\"1024\" height=\"577\" data-wp-class--hide=\"state.isContentHidden\" data-wp-class--show=\"state.isContentVisible\" data-wp-init=\"callbacks.setButtonStyles\" data-wp-on--click=\"actions.showLightbox\" data-wp-on--load=\"callbacks.setButtonStyles\" data-wp-on-window--resize=\"callbacks.setButtonStyles\" data-id=\"1375\" src=\"https:\/\/aufaxe.de\/wp-content\/uploads\/2025\/06\/6-SL-1024x577.jpeg\" alt=\"\" class=\"wp-image-1375\" srcset=\"https:\/\/aufaxe.de\/wp-content\/uploads\/2025\/06\/6-SL-1024x577.jpeg 1024w, https:\/\/aufaxe.de\/wp-content\/uploads\/2025\/06\/6-SL-300x169.jpeg 300w, https:\/\/aufaxe.de\/wp-content\/uploads\/2025\/06\/6-SL-768x432.jpeg 768w, https:\/\/aufaxe.de\/wp-content\/uploads\/2025\/06\/6-SL-1536x865.jpeg 1536w, https:\/\/aufaxe.de\/wp-content\/uploads\/2025\/06\/6-SL.jpeg 1600w\" sizes=\"auto, (max-width: 1024px) 100vw, 1024px\" \/><button\n\t\t\tclass=\"lightbox-trigger\"\n\t\t\ttype=\"button\"\n\t\t\taria-haspopup=\"dialog\"\n\t\t\taria-label=\"Vergr\u00f6\u00dfern\"\n\t\t\tdata-wp-init=\"callbacks.initTriggerButton\"\n\t\t\tdata-wp-on--click=\"actions.showLightbox\"\n\t\t\tdata-wp-style--right=\"state.imageButtonRight\"\n\t\t\tdata-wp-style--top=\"state.imageButtonTop\"\n\t\t>\n\t\t\t<svg xmlns=\"http:\/\/www.w3.org\/2000\/svg\" width=\"12\" height=\"12\" fill=\"none\" viewBox=\"0 0 12 12\">\n\t\t\t\t<path fill=\"#fff\" d=\"M2 0a2 2 0 0 0-2 2v2h1.5V2a.5.5 0 0 1 .5-.5h2V0H2Zm2 10.5H2a.5.5 0 0 1-.5-.5V8H0v2a2 2 0 0 0 2 2h2v-1.5ZM8 12v-1.5h2a.5.5 0 0 0 .5-.5V8H12v2a2 2 0 0 1-2 2H8Zm2-12a2 2 0 0 1 2 2v2h-1.5V2a.5.5 0 0 0-.5-.5H8V0h2Z\" \/>\n\t\t\t<\/svg>\n\t\t<\/button><\/figure>\n\n\n\n<figure data-wp-context=\"{&quot;imageId&quot;:&quot;69f435eebae38&quot;}\" data-wp-interactive=\"core\/image\" data-wp-key=\"69f435eebae38\" class=\"wp-block-image size-large wp-lightbox-container\"><img loading=\"lazy\" decoding=\"async\" width=\"1024\" height=\"577\" data-wp-class--hide=\"state.isContentHidden\" data-wp-class--show=\"state.isContentVisible\" data-wp-init=\"callbacks.setButtonStyles\" data-wp-on--click=\"actions.showLightbox\" data-wp-on--load=\"callbacks.setButtonStyles\" data-wp-on-window--resize=\"callbacks.setButtonStyles\" data-id=\"1365\" src=\"https:\/\/aufaxe.de\/wp-content\/uploads\/2025\/06\/30-Dinette-1024x577.jpeg\" alt=\"\" class=\"wp-image-1365\" srcset=\"https:\/\/aufaxe.de\/wp-content\/uploads\/2025\/06\/30-Dinette-1024x577.jpeg 1024w, https:\/\/aufaxe.de\/wp-content\/uploads\/2025\/06\/30-Dinette-300x169.jpeg 300w, https:\/\/aufaxe.de\/wp-content\/uploads\/2025\/06\/30-Dinette-768x432.jpeg 768w, https:\/\/aufaxe.de\/wp-content\/uploads\/2025\/06\/30-Dinette-1536x865.jpeg 1536w, https:\/\/aufaxe.de\/wp-content\/uploads\/2025\/06\/30-Dinette.jpeg 1600w\" sizes=\"auto, (max-width: 1024px) 100vw, 1024px\" \/><button\n\t\t\tclass=\"lightbox-trigger\"\n\t\t\ttype=\"button\"\n\t\t\taria-haspopup=\"dialog\"\n\t\t\taria-label=\"Vergr\u00f6\u00dfern\"\n\t\t\tdata-wp-init=\"callbacks.initTriggerButton\"\n\t\t\tdata-wp-on--click=\"actions.showLightbox\"\n\t\t\tdata-wp-style--right=\"state.imageButtonRight\"\n\t\t\tdata-wp-style--top=\"state.imageButtonTop\"\n\t\t>\n\t\t\t<svg xmlns=\"http:\/\/www.w3.org\/2000\/svg\" width=\"12\" height=\"12\" fill=\"none\" viewBox=\"0 0 12 12\">\n\t\t\t\t<path fill=\"#fff\" d=\"M2 0a2 2 0 0 0-2 2v2h1.5V2a.5.5 0 0 1 .5-.5h2V0H2Zm2 10.5H2a.5.5 0 0 1-.5-.5V8H0v2a2 2 0 0 0 2 2h2v-1.5ZM8 12v-1.5h2a.5.5 0 0 0 .5-.5V8H12v2a2 2 0 0 1-2 2H8Zm2-12a2 2 0 0 1 2 2v2h-1.5V2a.5.5 0 0 0-.5-.5H8V0h2Z\" \/>\n\t\t\t<\/svg>\n\t\t<\/button><\/figure>\n\n\n\n<figure data-wp-context=\"{&quot;imageId&quot;:&quot;69f435eebb2be&quot;}\" data-wp-interactive=\"core\/image\" data-wp-key=\"69f435eebb2be\" class=\"wp-block-image size-large wp-lightbox-container\"><img loading=\"lazy\" decoding=\"async\" width=\"1024\" height=\"638\" data-wp-class--hide=\"state.isContentHidden\" data-wp-class--show=\"state.isContentVisible\" data-wp-init=\"callbacks.setButtonStyles\" data-wp-on--click=\"actions.showLightbox\" data-wp-on--load=\"callbacks.setButtonStyles\" data-wp-on-window--resize=\"callbacks.setButtonStyles\" data-id=\"1367\" src=\"https:\/\/aufaxe.de\/wp-content\/uploads\/2025\/06\/71-Cockpit-1024x638.jpeg\" alt=\"\" class=\"wp-image-1367\" srcset=\"https:\/\/aufaxe.de\/wp-content\/uploads\/2025\/06\/71-Cockpit-1024x638.jpeg 1024w, https:\/\/aufaxe.de\/wp-content\/uploads\/2025\/06\/71-Cockpit-300x187.jpeg 300w, https:\/\/aufaxe.de\/wp-content\/uploads\/2025\/06\/71-Cockpit-768x479.jpeg 768w, https:\/\/aufaxe.de\/wp-content\/uploads\/2025\/06\/71-Cockpit-1536x957.jpeg 1536w, https:\/\/aufaxe.de\/wp-content\/uploads\/2025\/06\/71-Cockpit.jpeg 1600w\" sizes=\"auto, (max-width: 1024px) 100vw, 1024px\" \/><button\n\t\t\tclass=\"lightbox-trigger\"\n\t\t\ttype=\"button\"\n\t\t\taria-haspopup=\"dialog\"\n\t\t\taria-label=\"Vergr\u00f6\u00dfern\"\n\t\t\tdata-wp-init=\"callbacks.initTriggerButton\"\n\t\t\tdata-wp-on--click=\"actions.showLightbox\"\n\t\t\tdata-wp-style--right=\"state.imageButtonRight\"\n\t\t\tdata-wp-style--top=\"state.imageButtonTop\"\n\t\t>\n\t\t\t<svg xmlns=\"http:\/\/www.w3.org\/2000\/svg\" width=\"12\" height=\"12\" fill=\"none\" viewBox=\"0 0 12 12\">\n\t\t\t\t<path fill=\"#fff\" d=\"M2 0a2 2 0 0 0-2 2v2h1.5V2a.5.5 0 0 1 .5-.5h2V0H2Zm2 10.5H2a.5.5 0 0 1-.5-.5V8H0v2a2 2 0 0 0 2 2h2v-1.5ZM8 12v-1.5h2a.5.5 0 0 0 .5-.5V8H12v2a2 2 0 0 1-2 2H8Zm2-12a2 2 0 0 1 2 2v2h-1.5V2a.5.5 0 0 0-.5-.5H8V0h2Z\" \/>\n\t\t\t<\/svg>\n\t\t<\/button><\/figure>\n\n\n\n<figure data-wp-context=\"{&quot;imageId&quot;:&quot;69f435eebb777&quot;}\" data-wp-interactive=\"core\/image\" data-wp-key=\"69f435eebb777\" class=\"wp-block-image size-large wp-lightbox-container\"><img loading=\"lazy\" decoding=\"async\" width=\"1024\" height=\"577\" data-wp-class--hide=\"state.isContentHidden\" data-wp-class--show=\"state.isContentVisible\" data-wp-init=\"callbacks.setButtonStyles\" data-wp-on--click=\"actions.showLightbox\" data-wp-on--load=\"callbacks.setButtonStyles\" data-wp-on-window--resize=\"callbacks.setButtonStyles\" data-id=\"1368\" src=\"https:\/\/aufaxe.de\/wp-content\/uploads\/2025\/06\/20-Bett-1024x577.jpeg\" alt=\"\" class=\"wp-image-1368\" srcset=\"https:\/\/aufaxe.de\/wp-content\/uploads\/2025\/06\/20-Bett-1024x577.jpeg 1024w, https:\/\/aufaxe.de\/wp-content\/uploads\/2025\/06\/20-Bett-300x169.jpeg 300w, https:\/\/aufaxe.de\/wp-content\/uploads\/2025\/06\/20-Bett-768x432.jpeg 768w, https:\/\/aufaxe.de\/wp-content\/uploads\/2025\/06\/20-Bett-1536x865.jpeg 1536w, https:\/\/aufaxe.de\/wp-content\/uploads\/2025\/06\/20-Bett.jpeg 1600w\" sizes=\"auto, (max-width: 1024px) 100vw, 1024px\" \/><button\n\t\t\tclass=\"lightbox-trigger\"\n\t\t\ttype=\"button\"\n\t\t\taria-haspopup=\"dialog\"\n\t\t\taria-label=\"Vergr\u00f6\u00dfern\"\n\t\t\tdata-wp-init=\"callbacks.initTriggerButton\"\n\t\t\tdata-wp-on--click=\"actions.showLightbox\"\n\t\t\tdata-wp-style--right=\"state.imageButtonRight\"\n\t\t\tdata-wp-style--top=\"state.imageButtonTop\"\n\t\t>\n\t\t\t<svg xmlns=\"http:\/\/www.w3.org\/2000\/svg\" width=\"12\" height=\"12\" fill=\"none\" viewBox=\"0 0 12 12\">\n\t\t\t\t<path fill=\"#fff\" d=\"M2 0a2 2 0 0 0-2 2v2h1.5V2a.5.5 0 0 1 .5-.5h2V0H2Zm2 10.5H2a.5.5 0 0 1-.5-.5V8H0v2a2 2 0 0 0 2 2h2v-1.5ZM8 12v-1.5h2a.5.5 0 0 0 .5-.5V8H12v2a2 2 0 0 1-2 2H8Zm2-12a2 2 0 0 1 2 2v2h-1.5V2a.5.5 0 0 0-.5-.5H8V0h2Z\" \/>\n\t\t\t<\/svg>\n\t\t<\/button><\/figure>\n\n\n\n<figure data-wp-context=\"{&quot;imageId&quot;:&quot;69f435eebbc2d&quot;}\" data-wp-interactive=\"core\/image\" data-wp-key=\"69f435eebbc2d\" class=\"wp-block-image size-large wp-lightbox-container\"><img loading=\"lazy\" decoding=\"async\" width=\"1024\" height=\"768\" data-wp-class--hide=\"state.isContentHidden\" data-wp-class--show=\"state.isContentVisible\" data-wp-init=\"callbacks.setButtonStyles\" data-wp-on--click=\"actions.showLightbox\" data-wp-on--load=\"callbacks.setButtonStyles\" data-wp-on-window--resize=\"callbacks.setButtonStyles\" data-id=\"1142\" src=\"https:\/\/aufaxe.de\/wp-content\/uploads\/2024\/06\/f1cf4100-3646-474d-b469-64aa1ee061cd-1024x768.jpg\" alt=\"\" class=\"wp-image-1142\" srcset=\"https:\/\/aufaxe.de\/wp-content\/uploads\/2024\/06\/f1cf4100-3646-474d-b469-64aa1ee061cd-1024x768.jpg 1024w, https:\/\/aufaxe.de\/wp-content\/uploads\/2024\/06\/f1cf4100-3646-474d-b469-64aa1ee061cd-300x225.jpg 300w, https:\/\/aufaxe.de\/wp-content\/uploads\/2024\/06\/f1cf4100-3646-474d-b469-64aa1ee061cd-768x576.jpg 768w, https:\/\/aufaxe.de\/wp-content\/uploads\/2024\/06\/f1cf4100-3646-474d-b469-64aa1ee061cd-1536x1152.jpg 1536w, https:\/\/aufaxe.de\/wp-content\/uploads\/2024\/06\/f1cf4100-3646-474d-b469-64aa1ee061cd-350x263.jpg 350w, https:\/\/aufaxe.de\/wp-content\/uploads\/2024\/06\/f1cf4100-3646-474d-b469-64aa1ee061cd-780x586.jpg 780w, https:\/\/aufaxe.de\/wp-content\/uploads\/2024\/06\/f1cf4100-3646-474d-b469-64aa1ee061cd-250x188.jpg 250w, https:\/\/aufaxe.de\/wp-content\/uploads\/2024\/06\/f1cf4100-3646-474d-b469-64aa1ee061cd.jpg 1600w\" sizes=\"auto, (max-width: 1024px) 100vw, 1024px\" \/><button\n\t\t\tclass=\"lightbox-trigger\"\n\t\t\ttype=\"button\"\n\t\t\taria-haspopup=\"dialog\"\n\t\t\taria-label=\"Vergr\u00f6\u00dfern\"\n\t\t\tdata-wp-init=\"callbacks.initTriggerButton\"\n\t\t\tdata-wp-on--click=\"actions.showLightbox\"\n\t\t\tdata-wp-style--right=\"state.imageButtonRight\"\n\t\t\tdata-wp-style--top=\"state.imageButtonTop\"\n\t\t>\n\t\t\t<svg xmlns=\"http:\/\/www.w3.org\/2000\/svg\" width=\"12\" height=\"12\" fill=\"none\" viewBox=\"0 0 12 12\">\n\t\t\t\t<path fill=\"#fff\" d=\"M2 0a2 2 0 0 0-2 2v2h1.5V2a.5.5 0 0 1 .5-.5h2V0H2Zm2 10.5H2a.5.5 0 0 1-.5-.5V8H0v2a2 2 0 0 0 2 2h2v-1.5ZM8 12v-1.5h2a.5.5 0 0 0 .5-.5V8H12v2a2 2 0 0 1-2 2H8Zm2-12a2 2 0 0 1 2 2v2h-1.5V2a.5.5 0 0 0-.5-.5H8V0h2Z\" \/>\n\t\t\t<\/svg>\n\t\t<\/button><\/figure>\n\n\n\n<figure data-wp-context=\"{&quot;imageId&quot;:&quot;69f435eebc0de&quot;}\" data-wp-interactive=\"core\/image\" data-wp-key=\"69f435eebc0de\" class=\"wp-block-image size-large wp-lightbox-container\"><img loading=\"lazy\" decoding=\"async\" width=\"1024\" height=\"577\" data-wp-class--hide=\"state.isContentHidden\" data-wp-class--show=\"state.isContentVisible\" data-wp-init=\"callbacks.setButtonStyles\" data-wp-on--click=\"actions.showLightbox\" data-wp-on--load=\"callbacks.setButtonStyles\" data-wp-on-window--resize=\"callbacks.setButtonStyles\" data-id=\"1369\" src=\"https:\/\/aufaxe.de\/wp-content\/uploads\/2025\/06\/60-VornNachHinten-1024x577.jpeg\" alt=\"\" class=\"wp-image-1369\" srcset=\"https:\/\/aufaxe.de\/wp-content\/uploads\/2025\/06\/60-VornNachHinten-1024x577.jpeg 1024w, https:\/\/aufaxe.de\/wp-content\/uploads\/2025\/06\/60-VornNachHinten-300x169.jpeg 300w, https:\/\/aufaxe.de\/wp-content\/uploads\/2025\/06\/60-VornNachHinten-768x432.jpeg 768w, https:\/\/aufaxe.de\/wp-content\/uploads\/2025\/06\/60-VornNachHinten-1536x865.jpeg 1536w, https:\/\/aufaxe.de\/wp-content\/uploads\/2025\/06\/60-VornNachHinten.jpeg 1600w\" sizes=\"auto, (max-width: 1024px) 100vw, 1024px\" \/><button\n\t\t\tclass=\"lightbox-trigger\"\n\t\t\ttype=\"button\"\n\t\t\taria-haspopup=\"dialog\"\n\t\t\taria-label=\"Vergr\u00f6\u00dfern\"\n\t\t\tdata-wp-init=\"callbacks.initTriggerButton\"\n\t\t\tdata-wp-on--click=\"actions.showLightbox\"\n\t\t\tdata-wp-style--right=\"state.imageButtonRight\"\n\t\t\tdata-wp-style--top=\"state.imageButtonTop\"\n\t\t>\n\t\t\t<svg xmlns=\"http:\/\/www.w3.org\/2000\/svg\" width=\"12\" height=\"12\" fill=\"none\" viewBox=\"0 0 12 12\">\n\t\t\t\t<path fill=\"#fff\" d=\"M2 0a2 2 0 0 0-2 2v2h1.5V2a.5.5 0 0 1 .5-.5h2V0H2Zm2 10.5H2a.5.5 0 0 1-.5-.5V8H0v2a2 2 0 0 0 2 2h2v-1.5ZM8 12v-1.5h2a.5.5 0 0 0 .5-.5V8H12v2a2 2 0 0 1-2 2H8Zm2-12a2 2 0 0 1 2 2v2h-1.5V2a.5.5 0 0 0-.5-.5H8V0h2Z\" \/>\n\t\t\t<\/svg>\n\t\t<\/button><\/figure>\n\n\n\n<figure data-wp-context=\"{&quot;imageId&quot;:&quot;69f435eebc596&quot;}\" data-wp-interactive=\"core\/image\" data-wp-key=\"69f435eebc596\" class=\"wp-block-image size-large wp-lightbox-container\"><img loading=\"lazy\" decoding=\"async\" width=\"1024\" height=\"768\" data-wp-class--hide=\"state.isContentHidden\" data-wp-class--show=\"state.isContentVisible\" data-wp-init=\"callbacks.setButtonStyles\" data-wp-on--click=\"actions.showLightbox\" data-wp-on--load=\"callbacks.setButtonStyles\" data-wp-on-window--resize=\"callbacks.setButtonStyles\" data-id=\"1140\" src=\"https:\/\/aufaxe.de\/wp-content\/uploads\/2024\/06\/fcb121e8-07a8-4825-be32-ee0a59d7ce2f-1024x768.jpg\" alt=\"\" class=\"wp-image-1140\" srcset=\"https:\/\/aufaxe.de\/wp-content\/uploads\/2024\/06\/fcb121e8-07a8-4825-be32-ee0a59d7ce2f-1024x768.jpg 1024w, https:\/\/aufaxe.de\/wp-content\/uploads\/2024\/06\/fcb121e8-07a8-4825-be32-ee0a59d7ce2f-300x225.jpg 300w, https:\/\/aufaxe.de\/wp-content\/uploads\/2024\/06\/fcb121e8-07a8-4825-be32-ee0a59d7ce2f-768x576.jpg 768w, https:\/\/aufaxe.de\/wp-content\/uploads\/2024\/06\/fcb121e8-07a8-4825-be32-ee0a59d7ce2f-1536x1152.jpg 1536w, https:\/\/aufaxe.de\/wp-content\/uploads\/2024\/06\/fcb121e8-07a8-4825-be32-ee0a59d7ce2f-350x263.jpg 350w, https:\/\/aufaxe.de\/wp-content\/uploads\/2024\/06\/fcb121e8-07a8-4825-be32-ee0a59d7ce2f-780x586.jpg 780w, https:\/\/aufaxe.de\/wp-content\/uploads\/2024\/06\/fcb121e8-07a8-4825-be32-ee0a59d7ce2f-250x188.jpg 250w, https:\/\/aufaxe.de\/wp-content\/uploads\/2024\/06\/fcb121e8-07a8-4825-be32-ee0a59d7ce2f.jpg 1600w\" sizes=\"auto, (max-width: 1024px) 100vw, 1024px\" \/><button\n\t\t\tclass=\"lightbox-trigger\"\n\t\t\ttype=\"button\"\n\t\t\taria-haspopup=\"dialog\"\n\t\t\taria-label=\"Vergr\u00f6\u00dfern\"\n\t\t\tdata-wp-init=\"callbacks.initTriggerButton\"\n\t\t\tdata-wp-on--click=\"actions.showLightbox\"\n\t\t\tdata-wp-style--right=\"state.imageButtonRight\"\n\t\t\tdata-wp-style--top=\"state.imageButtonTop\"\n\t\t>\n\t\t\t<svg xmlns=\"http:\/\/www.w3.org\/2000\/svg\" width=\"12\" height=\"12\" fill=\"none\" viewBox=\"0 0 12 12\">\n\t\t\t\t<path fill=\"#fff\" d=\"M2 0a2 2 0 0 0-2 2v2h1.5V2a.5.5 0 0 1 .5-.5h2V0H2Zm2 10.5H2a.5.5 0 0 1-.5-.5V8H0v2a2 2 0 0 0 2 2h2v-1.5ZM8 12v-1.5h2a.5.5 0 0 0 .5-.5V8H12v2a2 2 0 0 1-2 2H8Zm2-12a2 2 0 0 1 2 2v2h-1.5V2a.5.5 0 0 0-.5-.5H8V0h2Z\" \/>\n\t\t\t<\/svg>\n\t\t<\/button><\/figure>\n\n\n\n<figure data-wp-context=\"{&quot;imageId&quot;:&quot;69f435eebcaa3&quot;}\" data-wp-interactive=\"core\/image\" data-wp-key=\"69f435eebcaa3\" class=\"wp-block-image size-large wp-lightbox-container\"><img loading=\"lazy\" decoding=\"async\" width=\"1024\" height=\"577\" data-wp-class--hide=\"state.isContentHidden\" data-wp-class--show=\"state.isContentVisible\" data-wp-init=\"callbacks.setButtonStyles\" data-wp-on--click=\"actions.showLightbox\" data-wp-on--load=\"callbacks.setButtonStyles\" data-wp-on-window--resize=\"callbacks.setButtonStyles\" data-id=\"1370\" src=\"https:\/\/aufaxe.de\/wp-content\/uploads\/2025\/06\/21-Bett-1024x577.jpeg\" alt=\"\" class=\"wp-image-1370\" srcset=\"https:\/\/aufaxe.de\/wp-content\/uploads\/2025\/06\/21-Bett-1024x577.jpeg 1024w, https:\/\/aufaxe.de\/wp-content\/uploads\/2025\/06\/21-Bett-300x169.jpeg 300w, https:\/\/aufaxe.de\/wp-content\/uploads\/2025\/06\/21-Bett-768x432.jpeg 768w, https:\/\/aufaxe.de\/wp-content\/uploads\/2025\/06\/21-Bett-1536x865.jpeg 1536w, https:\/\/aufaxe.de\/wp-content\/uploads\/2025\/06\/21-Bett.jpeg 1600w\" sizes=\"auto, (max-width: 1024px) 100vw, 1024px\" \/><button\n\t\t\tclass=\"lightbox-trigger\"\n\t\t\ttype=\"button\"\n\t\t\taria-haspopup=\"dialog\"\n\t\t\taria-label=\"Vergr\u00f6\u00dfern\"\n\t\t\tdata-wp-init=\"callbacks.initTriggerButton\"\n\t\t\tdata-wp-on--click=\"actions.showLightbox\"\n\t\t\tdata-wp-style--right=\"state.imageButtonRight\"\n\t\t\tdata-wp-style--top=\"state.imageButtonTop\"\n\t\t>\n\t\t\t<svg xmlns=\"http:\/\/www.w3.org\/2000\/svg\" width=\"12\" height=\"12\" fill=\"none\" viewBox=\"0 0 12 12\">\n\t\t\t\t<path fill=\"#fff\" d=\"M2 0a2 2 0 0 0-2 2v2h1.5V2a.5.5 0 0 1 .5-.5h2V0H2Zm2 10.5H2a.5.5 0 0 1-.5-.5V8H0v2a2 2 0 0 0 2 2h2v-1.5ZM8 12v-1.5h2a.5.5 0 0 0 .5-.5V8H12v2a2 2 0 0 1-2 2H8Zm2-12a2 2 0 0 1 2 2v2h-1.5V2a.5.5 0 0 0-.5-.5H8V0h2Z\" \/>\n\t\t\t<\/svg>\n\t\t<\/button><\/figure>\n\n\n\n<figure data-wp-context=\"{&quot;imageId&quot;:&quot;69f435eebcfab&quot;}\" data-wp-interactive=\"core\/image\" data-wp-key=\"69f435eebcfab\" class=\"wp-block-image size-large wp-lightbox-container\"><img loading=\"lazy\" decoding=\"async\" width=\"1024\" height=\"577\" data-wp-class--hide=\"state.isContentHidden\" data-wp-class--show=\"state.isContentVisible\" data-wp-init=\"callbacks.setButtonStyles\" data-wp-on--click=\"actions.showLightbox\" data-wp-on--load=\"callbacks.setButtonStyles\" data-wp-on-window--resize=\"callbacks.setButtonStyles\" data-id=\"1372\" src=\"https:\/\/aufaxe.de\/wp-content\/uploads\/2025\/06\/99-ZusatzbettVorn-1-1024x577.jpeg\" alt=\"\" class=\"wp-image-1372\" srcset=\"https:\/\/aufaxe.de\/wp-content\/uploads\/2025\/06\/99-ZusatzbettVorn-1-1024x577.jpeg 1024w, https:\/\/aufaxe.de\/wp-content\/uploads\/2025\/06\/99-ZusatzbettVorn-1-300x169.jpeg 300w, https:\/\/aufaxe.de\/wp-content\/uploads\/2025\/06\/99-ZusatzbettVorn-1-768x432.jpeg 768w, https:\/\/aufaxe.de\/wp-content\/uploads\/2025\/06\/99-ZusatzbettVorn-1-1536x865.jpeg 1536w, https:\/\/aufaxe.de\/wp-content\/uploads\/2025\/06\/99-ZusatzbettVorn-1.jpeg 1600w\" sizes=\"auto, (max-width: 1024px) 100vw, 1024px\" \/><button\n\t\t\tclass=\"lightbox-trigger\"\n\t\t\ttype=\"button\"\n\t\t\taria-haspopup=\"dialog\"\n\t\t\taria-label=\"Vergr\u00f6\u00dfern\"\n\t\t\tdata-wp-init=\"callbacks.initTriggerButton\"\n\t\t\tdata-wp-on--click=\"actions.showLightbox\"\n\t\t\tdata-wp-style--right=\"state.imageButtonRight\"\n\t\t\tdata-wp-style--top=\"state.imageButtonTop\"\n\t\t>\n\t\t\t<svg xmlns=\"http:\/\/www.w3.org\/2000\/svg\" width=\"12\" height=\"12\" fill=\"none\" viewBox=\"0 0 12 12\">\n\t\t\t\t<path fill=\"#fff\" d=\"M2 0a2 2 0 0 0-2 2v2h1.5V2a.5.5 0 0 1 .5-.5h2V0H2Zm2 10.5H2a.5.5 0 0 1-.5-.5V8H0v2a2 2 0 0 0 2 2h2v-1.5ZM8 12v-1.5h2a.5.5 0 0 0 .5-.5V8H12v2a2 2 0 0 1-2 2H8Zm2-12a2 2 0 0 1 2 2v2h-1.5V2a.5.5 0 0 0-.5-.5H8V0h2Z\" \/>\n\t\t\t<\/svg>\n\t\t<\/button><\/figure>\n<\/figure>\n\n\n\n<p><\/p>\n","protected":false},"excerpt":{"rendered":"<p>Immer wieder von Mietern nachgefragt, ein Teilintegrierter mit L\u00e4ngsbetten. Ein schmaler Aufbau mit 214cm Breite (das ist nur wenige cm breiter als ein Kastenwagen) mit 6,65mtr L\u00e4nge , auf dem kurzen Radstand Fiat Ducato 8, ergibt ein \u00e4usserst komfortables Fahrzeug , welches immer noch handlich und \u00fcbersichtlich bleibt. Die L\u00e4ngsbetten hinten lassen sich einfach zu <a class=\"more-link\" href=\"https:\/\/aufaxe.de\/?page_id=1137\">weiterlesen&#8230;<\/a><\/p>\n","protected":false},"author":1,"featured_media":0,"parent":0,"menu_order":0,"comment_status":"closed","ping_status":"closed","template":"","meta":{"footnotes":""},"class_list":["post-1137","page","type-page","status-publish","hentry"],"_links":{"self":[{"href":"https:\/\/aufaxe.de\/index.php?rest_route=\/wp\/v2\/pages\/1137","targetHints":{"allow":["GET"]}}],"collection":[{"href":"https:\/\/aufaxe.de\/index.php?rest_route=\/wp\/v2\/pages"}],"about":[{"href":"https:\/\/aufaxe.de\/index.php?rest_route=\/wp\/v2\/types\/page"}],"author":[{"embeddable":true,"href":"https:\/\/aufaxe.de\/index.php?rest_route=\/wp\/v2\/users\/1"}],"replies":[{"embeddable":true,"href":"https:\/\/aufaxe.de\/index.php?rest_route=%2Fwp%2Fv2%2Fcomments&post=1137"}],"version-history":[{"count":10,"href":"https:\/\/aufaxe.de\/index.php?rest_route=\/wp\/v2\/pages\/1137\/revisions"}],"predecessor-version":[{"id":1410,"href":"https:\/\/aufaxe.de\/index.php?rest_route=\/wp\/v2\/pages\/1137\/revisions\/1410"}],"wp:attachment":[{"href":"https:\/\/aufaxe.de\/index.php?rest_route=%2Fwp%2Fv2%2Fmedia&parent=1137"}],"curies":[{"name":"wp","href":"https:\/\/api.w.org\/{rel}","templated":true}]}}